{"id":37018,"date":"2023-05-15T23:32:02","date_gmt":"2023-05-15T21:32:02","guid":{"rendered":"https:\/piyano-blogu\/piyano-sheet-muzik\/"},"modified":"2024-08-09T00:50:51","modified_gmt":"2024-08-08T22:50:51","slug":"piyano-sheet-muzik","status":"publish","type":"page","link":"https:\/\/www.pianobook.io\/tr\/blog\/piyano-sheet-muzik\/","title":{"rendered":"Piyano Notalar\u0131"},"content":{"rendered":"\t\t<div data-elementor-type=\"wp-page\" data-elementor-id=\"37018\" class=\"elementor elementor-37018 elementor-9244\" data-elementor-post-type=\"page\">\n\t\t\t\t\t\t<section class=\"elementor-section elementor-top-section elementor-element elementor-element-4d31789f elementor-section-height-min-height elementor-section-content-middle elementor-section-boxed elementor-section-height-default elementor-section-items-middle\" data-id=\"4d31789f\" data-element_type=\"section\" data-settings=\"{&quot;background_background&quot;:&quot;classic&quot;}\">\n\t\t\t\t\t\t<div class=\"elementor-container elementor-column-gap-default\">\n\t\t\t\t\t<div class=\"elementor-column elementor-col-50 elementor-top-column elementor-element elementor-element-5aed6f80\" data-id=\"5aed6f80\" data-element_type=\"column\">\n\t\t\t<div class=\"elementor-widget-wrap elementor-element-populated\">\n\t\t\t\t\t\t<div class=\"elementor-element elementor-element-2c136252 elementor-widget elementor-widget-heading\" data-id=\"2c136252\" data-element_type=\"widget\" data-widget_type=\"heading.default\">\n\t\t\t\t<div class=\"elementor-widget-container\">\n\t\t\t\t\t<h1 class=\"elementor-heading-title elementor-size-default\">Piyano Notalar\u0131 Blogu<\/h1>\t\t\t\t<\/div>\n\t\t\t\t<\/div>\n\t\t\t\t<div class=\"elementor-element elementor-element-79df3bcc elementor-widget elementor-widget-text-editor\" data-id=\"79df3bcc\" data-element_type=\"widget\" data-widget_type=\"text-editor.default\">\n\t\t\t\t<div class=\"elementor-widget-container\">\n\t\t\t\t\t\t\t\t\t<div class=\"flex-1 overflow-hidden\">\n<div class=\"react-scroll-to-bottom--css-mjpan-79elbk h-full dark:bg-gray-800\">\n<div class=\"react-scroll-to-bottom--css-mjpan-1n7m0yu\">\n<div class=\"flex flex-col items-center text-sm dark:bg-gray-800\">\n<div class=\"group w-full text-gray-800 dark:text-gray-100 border-b border-black\/10 dark:border-gray-900\/50 bg-gray-50 dark:bg-[#444654] sm:AIPRM__conversation__response\">\n<div class=\"flex p-4 gap-4 text-base md:gap-6 md:max-w-2xl lg:max-w-xl xl:max-w-3xl md:py-6 lg:px-0 m-auto\">\n<div class=\"relative flex w-[calc(100%-50px)] flex-col gap-1 md:gap-3 lg:w-[calc(100%-115px)]\">\n<div class=\"flex flex-grow flex-col gap-3\">\n<div class=\"min-h-[20px] flex flex-col items-start gap-4 whitespace-pre-wrap break-words\">\n<div class=\"markdown prose w-full break-words dark:prose-invert dark AIPRM__conversation__response\">\n<p>Blogumuzun pop\u00fcler m\u00fczikler i\u00e7in en iyi piyano nota indirmelerini sunmaya adanm\u0131\u015f k\u00f6\u015fesine ho\u015f geldiniz.<br \/>\nBurada, en sevdi\u011finiz melodileri yeniden yaratman\u0131z i\u00e7in size zengin bir \u00fcst d\u00fczey nota deposu sunuyoruz. <\/p>\n<\/div>\n<\/div>\n<\/div>\n<\/div>\n<\/div>\n<\/div>\n<\/div>\n<\/div>\n<\/div>\n<\/div>\n\t\t\t\t\t\t\t\t<\/div>\n\t\t\t\t<\/div>\n\t\t\t\t\t<\/div>\n\t\t<\/div>\n\t\t\t\t<div class=\"elementor-column elementor-col-50 elementor-top-column elementor-element elementor-element-2121be4d\" data-id=\"2121be4d\" data-element_type=\"column\">\n\t\t\t<div class=\"elementor-widget-wrap elementor-element-populated\">\n\t\t\t\t\t\t<div class=\"elementor-element elementor-element-300dfbc elementor-widget elementor-widget-image\" data-id=\"300dfbc\" data-element_type=\"widget\" data-widget_type=\"image.default\">\n\t\t\t\t<div class=\"elementor-widget-container\">\n\t\t\t\t\t\t\t\t\t\t\t\t\t\t\t<img decoding=\"async\" src=\"https:\/\/www.pianobook.io\/wp-content\/uploads\/elementor\/thumbs\/best-piano-sheet-music-blog-q7n07j3bm2m7i261lt37iaz4rc2u8q5ssklvj7fnf0.jpg\" title=\"best-piano-sheet-music-blog\" alt=\"best-piano-sheet-music-blog\" loading=\"lazy\" \/>\t\t\t\t\t\t\t\t\t\t\t\t\t\t\t<\/div>\n\t\t\t\t<\/div>\n\t\t\t\t\t<\/div>\n\t\t<\/div>\n\t\t\t\t\t<\/div>\n\t\t<\/section>\n\t\t\t\t<section class=\"elementor-section elementor-top-section elementor-element elementor-element-debb072 elementor-section-boxed elementor-section-height-default elementor-section-height-default\" data-id=\"debb072\" data-element_type=\"section\">\n\t\t\t\t\t\t<div class=\"elementor-container elementor-column-gap-default\">\n\t\t\t\t\t<div class=\"elementor-column elementor-col-100 elementor-top-column elementor-element elementor-element-a506b50\" data-id=\"a506b50\" data-element_type=\"column\">\n\t\t\t<div class=\"elementor-widget-wrap elementor-element-populated\">\n\t\t\t\t\t\t<div class=\"elementor-element elementor-element-01f7c0c elementor-widget-divider--view-line elementor-widget elementor-widget-divider\" data-id=\"01f7c0c\" data-element_type=\"widget\" data-widget_type=\"divider.default\">\n\t\t\t\t<div class=\"elementor-widget-container\">\n\t\t\t\t\t\t\t<div class=\"elementor-divider\">\n\t\t\t<span class=\"elementor-divider-separator\">\n\t\t\t\t\t\t<\/span>\n\t\t<\/div>\n\t\t\t\t\t\t<\/div>\n\t\t\t\t<\/div>\n\t\t\t\t\t<\/div>\n\t\t<\/div>\n\t\t\t\t\t<\/div>\n\t\t<\/section>\n\t\t\t\t<section class=\"elementor-section elementor-top-section elementor-element elementor-element-658a0a94 elementor-section-content-top elementor-section-boxed elementor-section-height-default elementor-section-height-default\" data-id=\"658a0a94\" data-element_type=\"section\">\n\t\t\t\t\t\t<div class=\"elementor-container elementor-column-gap-no\">\n\t\t\t\t\t<div class=\"elementor-column elementor-col-66 elementor-top-column elementor-element elementor-element-dd666df\" data-id=\"dd666df\" data-element_type=\"column\">\n\t\t\t<div class=\"elementor-widget-wrap elementor-element-populated\">\n\t\t\t\t\t\t<div class=\"elementor-element elementor-element-54982c73 elementor-widget elementor-widget-heading\" data-id=\"54982c73\" data-element_type=\"widget\" data-widget_type=\"heading.default\">\n\t\t\t\t<div class=\"elementor-widget-container\">\n\t\t\t\t\t<h2 class=\"elementor-heading-title elementor-size-default\">Piyano Notalar\u0131<\/h2>\t\t\t\t<\/div>\n\t\t\t\t<\/div>\n\t\t\t\t\t<\/div>\n\t\t<\/div>\n\t\t\t\t<div class=\"elementor-column elementor-col-33 elementor-top-column elementor-element elementor-element-cff0acd\" data-id=\"cff0acd\" data-element_type=\"column\" data-settings=\"{&quot;background_background&quot;:&quot;classic&quot;}\">\n\t\t\t<div class=\"elementor-widget-wrap elementor-element-populated\">\n\t\t\t\t\t\t<div class=\"elementor-element elementor-element-414f7504 elementor-widget elementor-widget-heading\" data-id=\"414f7504\" data-element_type=\"widget\" data-widget_type=\"heading.default\">\n\t\t\t\t<div class=\"elementor-widget-container\">\n\t\t\t\t\t<h2 class=\"elementor-heading-title elementor-size-default\">Orta\u011f\u0131m\u0131z<\/h2>\t\t\t\t<\/div>\n\t\t\t\t<\/div>\n\t\t\t\t<div class=\"elementor-element elementor-element-ddfd846 elementor-widget elementor-widget-image\" data-id=\"ddfd846\" data-element_type=\"widget\" data-widget_type=\"image.default\">\n\t\t\t\t<div class=\"elementor-widget-container\">\n\t\t\t\t\t\t\t\t\t\t\t\t\t\t\t\t<a href=\"https:\/\/click.linksynergy.com\/deeplink?id=IfU1rxd4MvU=13770=https%3A%2F%2Fwww.musicnotes.com%2Fpiano%2F\">\n\t\t\t\t\t\t\t<img fetchpriority=\"high\" decoding=\"async\" width=\"750\" height=\"249\" src=\"https:\/\/www.pianobook.io\/wp-content\/uploads\/2021\/12\/musicnotes-banner-1.jpg\" class=\"elementor-animation-grow attachment-large size-large wp-image-3075\" alt=\"musicnotes-banner\" srcset=\"https:\/\/www.pianobook.io\/wp-content\/uploads\/2021\/12\/musicnotes-banner-1.jpg 750w, https:\/\/www.pianobook.io\/wp-content\/uploads\/2021\/12\/musicnotes-banner-1-300x100.jpg 300w\" sizes=\"(max-width: 750px) 100vw, 750px\" \/>\t\t\t\t\t\t\t\t<\/a>\n\t\t\t\t\t\t\t\t\t\t\t\t\t\t\t<\/div>\n\t\t\t\t<\/div>\n\t\t\t\t<div class=\"elementor-element elementor-element-ef7622a elementor-widget elementor-widget-heading\" data-id=\"ef7622a\" data-element_type=\"widget\" data-widget_type=\"heading.default\">\n\t\t\t\t<div class=\"elementor-widget-container\">\n\t\t\t\t\t<h2 class=\"elementor-heading-title elementor-size-default\">Daha Fazla Piyano<\/h2>\t\t\t\t<\/div>\n\t\t\t\t<\/div>\n\t\t\t\t<div class=\"elementor-element elementor-element-093c71e elementor-widget-divider--view-line elementor-widget elementor-widget-divider\" data-id=\"093c71e\" data-element_type=\"widget\" data-widget_type=\"divider.default\">\n\t\t\t\t<div class=\"elementor-widget-container\">\n\t\t\t\t\t\t\t<div class=\"elementor-divider\">\n\t\t\t<span class=\"elementor-divider-separator\">\n\t\t\t\t\t\t<\/span>\n\t\t<\/div>\n\t\t\t\t\t\t<\/div>\n\t\t\t\t<\/div>\n\t\t\t\t<div class=\"elementor-element elementor-element-d932bc4 elementor-align-center elementor-widget elementor-widget-button\" data-id=\"d932bc4\" data-element_type=\"widget\" data-widget_type=\"button.default\">\n\t\t\t\t<div class=\"elementor-widget-container\">\n\t\t\t\t\t\t\t\t\t<div class=\"elementor-button-wrapper\">\n\t\t\t\t\t<a class=\"elementor-button elementor-button-link elementor-size-sm\" href=\"https:\/blog\/piano-news\/\">\n\t\t\t\t\t\t<span class=\"elementor-button-content-wrapper\">\n\t\t\t\t\t\t\t\t\t<span class=\"elementor-button-text\">Piyano Haberleri Blogu<\/span>\n\t\t\t\t\t<\/span>\n\t\t\t\t\t<\/a>\n\t\t\t\t<\/div>\n\t\t\t\t\t\t\t\t<\/div>\n\t\t\t\t<\/div>\n\t\t\t\t<div class=\"elementor-element elementor-element-588787f elementor-widget-divider--view-line elementor-widget elementor-widget-divider\" data-id=\"588787f\" data-element_type=\"widget\" data-widget_type=\"divider.default\">\n\t\t\t\t<div class=\"elementor-widget-container\">\n\t\t\t\t\t\t\t<div class=\"elementor-divider\">\n\t\t\t<span class=\"elementor-divider-separator\">\n\t\t\t\t\t\t<\/span>\n\t\t<\/div>\n\t\t\t\t\t\t<\/div>\n\t\t\t\t<\/div>\n\t\t\t\t<div class=\"elementor-element elementor-element-5fcb512 elementor-align-center elementor-widget__width-initial elementor-widget elementor-widget-button\" data-id=\"5fcb512\" data-element_type=\"widget\" data-widget_type=\"button.default\">\n\t\t\t\t<div class=\"elementor-widget-container\">\n\t\t\t\t\t\t\t\t\t<div class=\"elementor-button-wrapper\">\n\t\t\t\t\t<a class=\"elementor-button elementor-button-link elementor-size-sm\" href=\"https:\/blog\/piano-knowledge\/\">\n\t\t\t\t\t\t<span class=\"elementor-button-content-wrapper\">\n\t\t\t\t\t\t\t\t\t<span class=\"elementor-button-text\">Piyano Bilgisi Blogu<\/span>\n\t\t\t\t\t<\/span>\n\t\t\t\t\t<\/a>\n\t\t\t\t<\/div>\n\t\t\t\t\t\t\t\t<\/div>\n\t\t\t\t<\/div>\n\t\t\t\t<div class=\"elementor-element elementor-element-c10724c elementor-widget-divider--view-line elementor-widget elementor-widget-divider\" data-id=\"c10724c\" data-element_type=\"widget\" data-widget_type=\"divider.default\">\n\t\t\t\t<div class=\"elementor-widget-container\">\n\t\t\t\t\t\t\t<div class=\"elementor-divider\">\n\t\t\t<span class=\"elementor-divider-separator\">\n\t\t\t\t\t\t<\/span>\n\t\t<\/div>\n\t\t\t\t\t\t<\/div>\n\t\t\t\t<\/div>\n\t\t\t\t<div class=\"elementor-element elementor-element-029b8e1 elementor-align-center elementor-widget elementor-widget-button\" data-id=\"029b8e1\" data-element_type=\"widget\" data-widget_type=\"button.default\">\n\t\t\t\t<div class=\"elementor-widget-container\">\n\t\t\t\t\t\t\t\t\t<div class=\"elementor-button-wrapper\">\n\t\t\t\t\t<a class=\"elementor-button elementor-button-link elementor-size-sm\" href=\"https:\/tr\/piyanist\/\">\n\t\t\t\t\t\t<span class=\"elementor-button-content-wrapper\">\n\t\t\t\t\t\t\t\t\t<span class=\"elementor-button-text\">Piyanist Rehberi<\/span>\n\t\t\t\t\t<\/span>\n\t\t\t\t\t<\/a>\n\t\t\t\t<\/div>\n\t\t\t\t\t\t\t\t<\/div>\n\t\t\t\t<\/div>\n\t\t\t\t<div class=\"elementor-element elementor-element-bad6d81 elementor-widget-divider--view-line elementor-widget elementor-widget-divider\" data-id=\"bad6d81\" data-element_type=\"widget\" data-widget_type=\"divider.default\">\n\t\t\t\t<div class=\"elementor-widget-container\">\n\t\t\t\t\t\t\t<div class=\"elementor-divider\">\n\t\t\t<span class=\"elementor-divider-separator\">\n\t\t\t\t\t\t<\/span>\n\t\t<\/div>\n\t\t\t\t\t\t<\/div>\n\t\t\t\t<\/div>\n\t\t\t\t<div class=\"elementor-element elementor-element-79cefad elementor-align-center elementor-widget elementor-widget-button\" data-id=\"79cefad\" data-element_type=\"widget\" data-widget_type=\"button.default\">\n\t\t\t\t<div class=\"elementor-widget-container\">\n\t\t\t\t\t\t\t\t\t<div class=\"elementor-button-wrapper\">\n\t\t\t\t\t<a class=\"elementor-button elementor-button-link elementor-size-sm\" href=\"https:\/tr\/piyano-markalari\/\">\n\t\t\t\t\t\t<span class=\"elementor-button-content-wrapper\">\n\t\t\t\t\t\t\t\t\t<span class=\"elementor-button-text\">Piyano Markalar\u0131 Rehberi<\/span>\n\t\t\t\t\t<\/span>\n\t\t\t\t\t<\/a>\n\t\t\t\t<\/div>\n\t\t\t\t\t\t\t\t<\/div>\n\t\t\t\t<\/div>\n\t\t\t\t\t<\/div>\n\t\t<\/div>\n\t\t\t\t\t<\/div>\n\t\t<\/section>\n\t\t\t\t<\/div>\n\t\t\n\n<div class=\"kk-star-ratings kksr-auto kksr-align-center kksr-valign-bottom\"\n    data-payload='{&quot;align&quot;:&quot;center&quot;,&quot;id&quot;:&quot;37018&quot;,&quot;slug&quot;:&quot;default&quot;,&quot;valign&quot;:&quot;bottom&quot;,&quot;ignore&quot;:&quot;&quot;,&quot;reference&quot;:&quot;auto&quot;,&quot;class&quot;:&quot;&quot;,&quot;count&quot;:&quot;0&quot;,&quot;legendonly&quot;:&quot;&quot;,&quot;readonly&quot;:&quot;&quot;,&quot;score&quot;:&quot;0&quot;,&quot;starsonly&quot;:&quot;&quot;,&quot;best&quot;:&quot;5&quot;,&quot;gap&quot;:&quot;5&quot;,&quot;greet&quot;:&quot;Rate this page&quot;,&quot;legend&quot;:&quot;0\\\/5 - (0 votes)&quot;,&quot;size&quot;:&quot;24&quot;,&quot;title&quot;:&quot;Piyano Notalar\u0131&quot;,&quot;width&quot;:&quot;0&quot;,&quot;_legend&quot;:&quot;{score}\\\/{best} - ({count} {votes})&quot;,&quot;font_factor&quot;:&quot;1.25&quot;}'>\n            \n<div class=\"kksr-stars\">\n    \n<div class=\"kksr-stars-inactive\">\n            <div class=\"kksr-star\" data-star=\"1\" style=\"padding-right: 5px\">\n            \n\n<div class=\"kksr-icon\" style=\"width: 24px; height: 24px;\"><\/div>\n        <\/div>\n            <div class=\"kksr-star\" data-star=\"2\" style=\"padding-right: 5px\">\n            \n\n<div class=\"kksr-icon\" style=\"width: 24px; height: 24px;\"><\/div>\n        <\/div>\n            <div class=\"kksr-star\" data-star=\"3\" style=\"padding-right: 5px\">\n            \n\n<div class=\"kksr-icon\" style=\"width: 24px; height: 24px;\"><\/div>\n        <\/div>\n            <div class=\"kksr-star\" data-star=\"4\" style=\"padding-right: 5px\">\n            \n\n<div class=\"kksr-icon\" style=\"width: 24px; height: 24px;\"><\/div>\n        <\/div>\n            <div class=\"kksr-star\" data-star=\"5\" style=\"padding-right: 5px\">\n            \n\n<div class=\"kksr-icon\" style=\"width: 24px; height: 24px;\"><\/div>\n        <\/div>\n    <\/div>\n    \n<div class=\"kksr-stars-active\" style=\"width: 0px;\">\n            <div class=\"kksr-star\" style=\"padding-right: 5px\">\n            \n\n<div class=\"kksr-icon\" style=\"width: 24px; height: 24px;\"><\/div>\n        <\/div>\n            <div class=\"kksr-star\" style=\"padding-right: 5px\">\n            \n\n<div class=\"kksr-icon\" style=\"width: 24px; height: 24px;\"><\/div>\n        <\/div>\n            <div class=\"kksr-star\" style=\"padding-right: 5px\">\n            \n\n<div class=\"kksr-icon\" style=\"width: 24px; height: 24px;\"><\/div>\n        <\/div>\n            <div class=\"kksr-star\" style=\"padding-right: 5px\">\n            \n\n<div class=\"kksr-icon\" style=\"width: 24px; height: 24px;\"><\/div>\n        <\/div>\n            <div class=\"kksr-star\" style=\"padding-right: 5px\">\n            \n\n<div class=\"kksr-icon\" style=\"width: 24px; height: 24px;\"><\/div>\n        <\/div>\n    <\/div>\n<\/div>\n                \n\n<div class=\"kksr-legend\" style=\"font-size: 19.2px;\">\n            <span class=\"kksr-muted\">Rate this page<\/span>\n    <\/div>\n    <\/div>\n","protected":false},"excerpt":{"rendered":"<p>Piyano Notalar\u0131 Blogu Blogumuzun pop\u00fcler m\u00fczikler i\u00e7in en iyi piyano nota indirmelerini sunmaya adanm\u0131\u015f k\u00f6\u015fesine ho\u015f geldiniz. Burada, en sevdi\u011finiz melodileri yeniden yaratman\u0131z i\u00e7in size zengin bir \u00fcst d\u00fczey nota deposu sunuyoruz. Piyano Notalar\u0131 Orta\u011f\u0131m\u0131z Daha Fazla Piyano Piyano Haberleri Blogu Piyano Bilgisi Blogu Piyanist Rehberi Piyano Markalar\u0131 Rehberi<\/p>\n","protected":false},"author":1,"featured_media":0,"parent":36757,"menu_order":0,"comment_status":"closed","ping_status":"closed","template":"","meta":{"footnotes":""},"wf_page_folders":[208],"class_list":["post-37018","page","type-page","status-publish","hentry"],"yoast_head":"<!-- This site is optimized with the Yoast SEO plugin v26.7 - https:\/\/yoast.com\/wordpress\/plugins\/seo\/ -->\n<title>Piyano Notalar\u0131 | pianobook<\/title>\n<meta name=\"description\" content=\"Bir sonraki performans\u0131n\u0131z veya al\u0131\u015ft\u0131rma seans\u0131n\u0131z i\u00e7in m\u00fckemmel piyano notalar\u0131n\u0131 bulun. \u00c7e\u015fitli t\u00fcrler ve beceri seviyelerinden olu\u015f\" \/>\n<meta name=\"robots\" content=\"index, follow, max-snippet:-1, max-image-preview:large, max-video-preview:-1\" \/>\n<link rel=\"canonical\" href=\"https:\/\/www.pianobook.io\/tr\/blog\/piyano-sheet-muzik\/\" \/>\n<meta property=\"og:locale\" content=\"tr_TR\" \/>\n<meta property=\"og:type\" content=\"article\" \/>\n<meta property=\"og:title\" content=\"Piyano Notalar\u0131 | pianobook\" \/>\n<meta property=\"og:description\" content=\"Bir sonraki performans\u0131n\u0131z veya al\u0131\u015ft\u0131rma seans\u0131n\u0131z i\u00e7in m\u00fckemmel piyano notalar\u0131n\u0131 bulun. \u00c7e\u015fitli t\u00fcrler ve beceri seviyelerinden olu\u015f\" \/>\n<meta property=\"og:url\" content=\"https:\/\/www.pianobook.io\/tr\/blog\/piyano-sheet-muzik\/\" \/>\n<meta property=\"og:site_name\" content=\"pianobook\" \/>\n<meta property=\"article:modified_time\" content=\"2024-08-08T22:50:51+00:00\" \/>\n<meta property=\"og:image\" content=\"http:\/\/pianobook.io\/wp-content\/uploads\/elementor\/thumbs\/best-piano-sheet-music-blog-q7n07j3bm2m7i261lt37iaz4rc2u8q5ssklvj7fnf0.jpg\" \/>\n<meta name=\"twitter:card\" content=\"summary_large_image\" \/>\n<script type=\"application\/ld+json\" class=\"yoast-schema-graph\">{\"@context\":\"https:\/\/schema.org\",\"@graph\":[{\"@type\":\"WebPage\",\"@id\":\"https:\/\/www.pianobook.io\/tr\/blog\/piyano-sheet-muzik\/\",\"url\":\"https:\/\/www.pianobook.io\/tr\/blog\/piyano-sheet-muzik\/\",\"name\":\"Piyano Notalar\u0131 | pianobook\",\"isPartOf\":{\"@id\":\"\/#website\"},\"primaryImageOfPage\":{\"@id\":\"https:\/\/www.pianobook.io\/tr\/blog\/piyano-sheet-muzik\/#primaryimage\"},\"image\":{\"@id\":\"https:\/\/www.pianobook.io\/tr\/blog\/piyano-sheet-muzik\/#primaryimage\"},\"thumbnailUrl\":\"http:\/\/pianobook.io\/wp-content\/uploads\/elementor\/thumbs\/best-piano-sheet-music-blog-q7n07j3bm2m7i261lt37iaz4rc2u8q5ssklvj7fnf0.jpg\",\"datePublished\":\"2023-05-15T21:32:02+00:00\",\"dateModified\":\"2024-08-08T22:50:51+00:00\",\"description\":\"Bir sonraki performans\u0131n\u0131z veya al\u0131\u015ft\u0131rma seans\u0131n\u0131z i\u00e7in m\u00fckemmel piyano notalar\u0131n\u0131 bulun. \u00c7e\u015fitli t\u00fcrler ve beceri seviyelerinden olu\u015fan kapsaml\u0131 koleksiyonumuza g\u00f6z at\u0131n.\",\"breadcrumb\":{\"@id\":\"https:\/\/www.pianobook.io\/tr\/blog\/piyano-sheet-muzik\/#breadcrumb\"},\"inLanguage\":\"tr\",\"potentialAction\":[{\"@type\":\"ReadAction\",\"target\":[\"https:\/\/www.pianobook.io\/tr\/blog\/piyano-sheet-muzik\/\"]}]},{\"@type\":\"ImageObject\",\"inLanguage\":\"tr\",\"@id\":\"https:\/\/www.pianobook.io\/tr\/blog\/piyano-sheet-muzik\/#primaryimage\",\"url\":\"http:\/\/pianobook.io\/wp-content\/uploads\/elementor\/thumbs\/best-piano-sheet-music-blog-q7n07j3bm2m7i261lt37iaz4rc2u8q5ssklvj7fnf0.jpg\",\"contentUrl\":\"http:\/\/pianobook.io\/wp-content\/uploads\/elementor\/thumbs\/best-piano-sheet-music-blog-q7n07j3bm2m7i261lt37iaz4rc2u8q5ssklvj7fnf0.jpg\"},{\"@type\":\"BreadcrumbList\",\"@id\":\"https:\/\/www.pianobook.io\/tr\/blog\/piyano-sheet-muzik\/#breadcrumb\",\"itemListElement\":[{\"@type\":\"ListItem\",\"position\":1,\"name\":\"Home\",\"item\":\"https:\/\/www.pianobook.io\/tr\/\"},{\"@type\":\"ListItem\",\"position\":2,\"name\":\"Piyano Blogu\",\"item\":\"https:\/\/www.pianobook.io\/tr\/blog\/\"},{\"@type\":\"ListItem\",\"position\":3,\"name\":\"Piyano Notalar\u0131\"}]},{\"@type\":\"WebSite\",\"@id\":\"\/#website\",\"url\":\"\/\",\"name\":\"pianobook\",\"description\":\"\",\"publisher\":{\"@id\":\"\/#organization\"},\"potentialAction\":[{\"@type\":\"SearchAction\",\"target\":{\"@type\":\"EntryPoint\",\"urlTemplate\":\"\/?s={search_term_string}\"},\"query-input\":{\"@type\":\"PropertyValueSpecification\",\"valueRequired\":true,\"valueName\":\"search_term_string\"}}],\"inLanguage\":\"tr\"},{\"@type\":\"Organization\",\"@id\":\"\/#organization\",\"name\":\"pianobook\",\"url\":\"\/\",\"logo\":{\"@type\":\"ImageObject\",\"inLanguage\":\"tr\",\"@id\":\"\/#\/schema\/logo\/image\/\",\"url\":\"http:\/\/pianobook.io\/wp-content\/uploads\/2024\/08\/pianobook-logo-black-e1722675166839.jpg\",\"contentUrl\":\"http:\/\/pianobook.io\/wp-content\/uploads\/2024\/08\/pianobook-logo-black-e1722675166839.jpg\",\"width\":250,\"height\":250,\"caption\":\"pianobook\"},\"image\":{\"@id\":\"\/#\/schema\/logo\/image\/\"}}]}<\/script>\n<!-- \/ Yoast SEO plugin. -->","yoast_head_json":{"title":"Piyano Notalar\u0131 | pianobook","description":"Bir sonraki performans\u0131n\u0131z veya al\u0131\u015ft\u0131rma seans\u0131n\u0131z i\u00e7in m\u00fckemmel piyano notalar\u0131n\u0131 bulun. \u00c7e\u015fitli t\u00fcrler ve beceri seviyelerinden olu\u015f","robots":{"index":"index","follow":"follow","max-snippet":"max-snippet:-1","max-image-preview":"max-image-preview:large","max-video-preview":"max-video-preview:-1"},"canonical":"https:\/\/www.pianobook.io\/tr\/blog\/piyano-sheet-muzik\/","og_locale":"tr_TR","og_type":"article","og_title":"Piyano Notalar\u0131 | pianobook","og_description":"Bir sonraki performans\u0131n\u0131z veya al\u0131\u015ft\u0131rma seans\u0131n\u0131z i\u00e7in m\u00fckemmel piyano notalar\u0131n\u0131 bulun. \u00c7e\u015fitli t\u00fcrler ve beceri seviyelerinden olu\u015f","og_url":"https:\/\/www.pianobook.io\/tr\/blog\/piyano-sheet-muzik\/","og_site_name":"pianobook","article_modified_time":"2024-08-08T22:50:51+00:00","og_image":[{"url":"http:\/\/pianobook.io\/wp-content\/uploads\/elementor\/thumbs\/best-piano-sheet-music-blog-q7n07j3bm2m7i261lt37iaz4rc2u8q5ssklvj7fnf0.jpg","type":"","width":"","height":""}],"twitter_card":"summary_large_image","schema":{"@context":"https:\/\/schema.org","@graph":[{"@type":"WebPage","@id":"https:\/\/www.pianobook.io\/tr\/blog\/piyano-sheet-muzik\/","url":"https:\/\/www.pianobook.io\/tr\/blog\/piyano-sheet-muzik\/","name":"Piyano Notalar\u0131 | pianobook","isPartOf":{"@id":"\/#website"},"primaryImageOfPage":{"@id":"https:\/\/www.pianobook.io\/tr\/blog\/piyano-sheet-muzik\/#primaryimage"},"image":{"@id":"https:\/\/www.pianobook.io\/tr\/blog\/piyano-sheet-muzik\/#primaryimage"},"thumbnailUrl":"http:\/\/pianobook.io\/wp-content\/uploads\/elementor\/thumbs\/best-piano-sheet-music-blog-q7n07j3bm2m7i261lt37iaz4rc2u8q5ssklvj7fnf0.jpg","datePublished":"2023-05-15T21:32:02+00:00","dateModified":"2024-08-08T22:50:51+00:00","description":"Bir sonraki performans\u0131n\u0131z veya al\u0131\u015ft\u0131rma seans\u0131n\u0131z i\u00e7in m\u00fckemmel piyano notalar\u0131n\u0131 bulun. \u00c7e\u015fitli t\u00fcrler ve beceri seviyelerinden olu\u015fan kapsaml\u0131 koleksiyonumuza g\u00f6z at\u0131n.","breadcrumb":{"@id":"https:\/\/www.pianobook.io\/tr\/blog\/piyano-sheet-muzik\/#breadcrumb"},"inLanguage":"tr","potentialAction":[{"@type":"ReadAction","target":["https:\/\/www.pianobook.io\/tr\/blog\/piyano-sheet-muzik\/"]}]},{"@type":"ImageObject","inLanguage":"tr","@id":"https:\/\/www.pianobook.io\/tr\/blog\/piyano-sheet-muzik\/#primaryimage","url":"http:\/\/pianobook.io\/wp-content\/uploads\/elementor\/thumbs\/best-piano-sheet-music-blog-q7n07j3bm2m7i261lt37iaz4rc2u8q5ssklvj7fnf0.jpg","contentUrl":"http:\/\/pianobook.io\/wp-content\/uploads\/elementor\/thumbs\/best-piano-sheet-music-blog-q7n07j3bm2m7i261lt37iaz4rc2u8q5ssklvj7fnf0.jpg"},{"@type":"BreadcrumbList","@id":"https:\/\/www.pianobook.io\/tr\/blog\/piyano-sheet-muzik\/#breadcrumb","itemListElement":[{"@type":"ListItem","position":1,"name":"Home","item":"https:\/\/www.pianobook.io\/tr\/"},{"@type":"ListItem","position":2,"name":"Piyano Blogu","item":"https:\/\/www.pianobook.io\/tr\/blog\/"},{"@type":"ListItem","position":3,"name":"Piyano Notalar\u0131"}]},{"@type":"WebSite","@id":"\/#website","url":"\/","name":"pianobook","description":"","publisher":{"@id":"\/#organization"},"potentialAction":[{"@type":"SearchAction","target":{"@type":"EntryPoint","urlTemplate":"\/?s={search_term_string}"},"query-input":{"@type":"PropertyValueSpecification","valueRequired":true,"valueName":"search_term_string"}}],"inLanguage":"tr"},{"@type":"Organization","@id":"\/#organization","name":"pianobook","url":"\/","logo":{"@type":"ImageObject","inLanguage":"tr","@id":"\/#\/schema\/logo\/image\/","url":"http:\/\/pianobook.io\/wp-content\/uploads\/2024\/08\/pianobook-logo-black-e1722675166839.jpg","contentUrl":"http:\/\/pianobook.io\/wp-content\/uploads\/2024\/08\/pianobook-logo-black-e1722675166839.jpg","width":250,"height":250,"caption":"pianobook"},"image":{"@id":"\/#\/schema\/logo\/image\/"}}]}},"_links":{"self":[{"href":"https:\/\/www.pianobook.io\/tr\/wp-json\/wp\/v2\/pages\/37018","targetHints":{"allow":["GET"]}}],"collection":[{"href":"https:\/\/www.pianobook.io\/tr\/wp-json\/wp\/v2\/pages"}],"about":[{"href":"https:\/\/www.pianobook.io\/tr\/wp-json\/wp\/v2\/types\/page"}],"author":[{"embeddable":true,"href":"https:\/\/www.pianobook.io\/tr\/wp-json\/wp\/v2\/users\/1"}],"replies":[{"embeddable":true,"href":"https:\/\/www.pianobook.io\/tr\/wp-json\/wp\/v2\/comments?post=37018"}],"version-history":[{"count":0,"href":"https:\/\/www.pianobook.io\/tr\/wp-json\/wp\/v2\/pages\/37018\/revisions"}],"up":[{"embeddable":true,"href":"https:\/\/www.pianobook.io\/tr\/wp-json\/wp\/v2\/pages\/36757"}],"wp:attachment":[{"href":"https:\/\/www.pianobook.io\/tr\/wp-json\/wp\/v2\/media?parent=37018"}],"wp:term":[{"taxonomy":"wf_page_folders","embeddable":true,"href":"https:\/\/www.pianobook.io\/tr\/wp-json\/wp\/v2\/wf_page_folders?post=37018"}],"curies":[{"name":"wp","href":"https:\/\/api.w.org\/{rel}","templated":true}]}}