{"id":36634,"date":"2020-02-15T01:22:41","date_gmt":"2020-02-15T00:22:41","guid":{"rendered":"https:\/hakkinda\/"},"modified":"2024-08-04T15:50:37","modified_gmt":"2024-08-04T13:50:37","slug":"hakkinda","status":"publish","type":"page","link":"https:\/\/www.pianobook.io\/tr\/hakkinda\/","title":{"rendered":"Hakk\u0131nda"},"content":{"rendered":"\t\t<div data-elementor-type=\"wp-page\" data-elementor-id=\"36634\" class=\"elementor elementor-36634 elementor-125\" data-elementor-post-type=\"page\">\n\t\t\t\t\t\t<section class=\"elementor-section elementor-top-section elementor-element elementor-element-2f9cd3e9 elementor-section-boxed elementor-section-height-default elementor-section-height-default\" data-id=\"2f9cd3e9\" data-element_type=\"section\">\n\t\t\t\t\t\t<div class=\"elementor-container elementor-column-gap-default\">\n\t\t\t\t\t<div class=\"elementor-column elementor-col-100 elementor-top-column elementor-element elementor-element-d79ee7d\" data-id=\"d79ee7d\" data-element_type=\"column\">\n\t\t\t<div class=\"elementor-widget-wrap elementor-element-populated\">\n\t\t\t\t\t\t<div class=\"elementor-element elementor-element-563073af elementor-widget elementor-widget-spacer\" data-id=\"563073af\" data-element_type=\"widget\" data-widget_type=\"spacer.default\">\n\t\t\t\t<div class=\"elementor-widget-container\">\n\t\t\t\t\t\t\t<div class=\"elementor-spacer\">\n\t\t\t<div class=\"elementor-spacer-inner\"><\/div>\n\t\t<\/div>\n\t\t\t\t\t\t<\/div>\n\t\t\t\t<\/div>\n\t\t\t\t<div class=\"elementor-element elementor-element-5140fe3e elementor-widget elementor-widget-heading\" data-id=\"5140fe3e\" data-element_type=\"widget\" data-widget_type=\"heading.default\">\n\t\t\t\t<div class=\"elementor-widget-container\">\n\t\t\t\t\t<h1 class=\"elementor-heading-title elementor-size-default\">pianobook hakk\u0131nda<\/h1>\t\t\t\t<\/div>\n\t\t\t\t<\/div>\n\t\t\t\t\t<\/div>\n\t\t<\/div>\n\t\t\t\t\t<\/div>\n\t\t<\/section>\n\t\t\t\t<section class=\"elementor-section elementor-top-section elementor-element elementor-element-74cdbdb elementor-section-boxed elementor-section-height-default elementor-section-height-default\" data-id=\"74cdbdb\" data-element_type=\"section\">\n\t\t\t\t\t\t<div class=\"elementor-container elementor-column-gap-default\">\n\t\t\t\t\t<div class=\"elementor-column elementor-col-100 elementor-top-column elementor-element elementor-element-2dd1235\" data-id=\"2dd1235\" data-element_type=\"column\">\n\t\t\t<div class=\"elementor-widget-wrap elementor-element-populated\">\n\t\t\t\t\t\t<div class=\"elementor-element elementor-element-60d88ce0 elementor-widget elementor-widget-text-editor\" data-id=\"60d88ce0\" data-element_type=\"widget\" data-widget_type=\"text-editor.default\">\n\t\t\t\t<div class=\"elementor-widget-container\">\n\t\t\t\t\t\t\t\t\t<p>pianobook, piyano ile \u00e7al\u0131\u015fan veya sadece piyanoyu seven herkes i\u00e7in bir platformdur.<\/p>\n<p>Bu nedenle, web sitemizde kullan\u0131c\u0131lar piyano \u00f6\u011fretmenlerini, piyano barlar\u0131 ve konser salonlar\u0131 gibi e\u011flence mekanlar\u0131n\u0131, piyano okullar\u0131 veya \u00fcniversiteler gibi e\u011fitim kurumlar\u0131n\u0131, halka a\u00e7\u0131k piyanolar\u0131 ve kuyruklu piyanolar\u0131, piyano ma\u011fazalar\u0131n\u0131 ve hizmetlerini tamamen veya k\u0131smen piyanoya adam\u0131\u015f onar\u0131m ve yer de\u011fi\u015ftirme hizmetlerini bulma f\u0131rsat\u0131na sahiptir. hobi piyanistleri piyano d\u00fcnyas\u0131nda \u00fccretsiz gezinmek i\u00e7in web sitemizi kullanabilirler.<\/p>\n<p>T\u00fcm listelerimiz, adres ve ileti\u015fim bilgileri gibi listelemenin en \u00f6nemli ayr\u0131nt\u0131lar\u0131na genel bir bak\u0131\u015f\u0131n yan\u0131 s\u0131ra istenen var\u0131\u015f noktas\u0131na en uygun rotay\u0131 bulmak i\u00e7in entegre bir i\u015flev sa\u011flar.<\/p>\n<p>Web sitemizde iyi e\u011flenceler!<\/p>\n\t\t\t\t\t\t\t\t<\/div>\n\t\t\t\t<\/div>\n\t\t\t\t\t<\/div>\n\t\t<\/div>\n\t\t\t\t\t<\/div>\n\t\t<\/section>\n\t\t\t\t<section class=\"elementor-section elementor-top-section elementor-element elementor-element-3098fb1 elementor-section-boxed elementor-section-height-default elementor-section-height-default\" data-id=\"3098fb1\" data-element_type=\"section\">\n\t\t\t\t\t\t<div class=\"elementor-container elementor-column-gap-default\">\n\t\t\t\t\t<div class=\"elementor-column elementor-col-100 elementor-top-column elementor-element elementor-element-62482ef\" data-id=\"62482ef\" data-element_type=\"column\">\n\t\t\t<div class=\"elementor-widget-wrap elementor-element-populated\">\n\t\t\t\t\t\t<div class=\"elementor-element elementor-element-b0a519c elementor-widget elementor-widget-video\" data-id=\"b0a519c\" data-element_type=\"widget\" data-settings=\"{&quot;video_type&quot;:&quot;hosted&quot;,&quot;controls&quot;:&quot;yes&quot;}\" data-widget_type=\"video.default\">\n\t\t\t\t<div class=\"elementor-widget-container\">\n\t\t\t\t\t\t\t<div class=\"e-hosted-video elementor-wrapper elementor-open-inline\">\n\t\t\t\t\t<video class=\"elementor-video\" src=\"http:\/\/pianobook.io\/wp-content\/uploads\/2020\/03\/Pianobook-About-Us-Video.mp4\" controls=\"\" preload=\"metadata\" controlsList=\"nodownload\"><\/video>\n\t\t\t\t<\/div>\n\t\t\t\t\t\t<\/div>\n\t\t\t\t<\/div>\n\t\t\t\t\t<\/div>\n\t\t<\/div>\n\t\t\t\t\t<\/div>\n\t\t<\/section>\n\t\t\t\t<section class=\"elementor-section elementor-top-section elementor-element elementor-element-58c87c7 elementor-section-boxed elementor-section-height-default elementor-section-height-default\" data-id=\"58c87c7\" data-element_type=\"section\">\n\t\t\t\t\t\t<div class=\"elementor-container elementor-column-gap-default\">\n\t\t\t\t\t<div class=\"elementor-column elementor-col-100 elementor-top-column elementor-element elementor-element-79a394b9\" data-id=\"79a394b9\" data-element_type=\"column\">\n\t\t\t<div class=\"elementor-widget-wrap elementor-element-populated\">\n\t\t\t\t\t\t<div class=\"elementor-element elementor-element-483a93cb elementor-widget elementor-widget-image\" data-id=\"483a93cb\" data-element_type=\"widget\" data-widget_type=\"image.default\">\n\t\t\t\t<div class=\"elementor-widget-container\">\n\t\t\t\t\t\t\t\t\t\t\t\t\t\t\t\t<a href=\"https:\/\/click.linksynergy.com\/deeplink?id=IfU1rxd4MvU&#038;mid=13770&#038;murl=https%3A%2F%2Fwww.musicnotes.com%2Fpiano%2F\">\n\t\t\t\t\t\t\t<img decoding=\"async\" src=\"https:\/\/www.pianobook.io\/wp-content\/uploads\/elementor\/thumbs\/musicnotes-banner-1-phfezppksek0l1vmvika8j3vu96j7kr8t2mxj7skf6.jpg\" title=\"musicnotes-banner\" alt=\"musicnotes-banner\" class=\"elementor-animation-grow\" loading=\"lazy\" \/>\t\t\t\t\t\t\t\t<\/a>\n\t\t\t\t\t\t\t\t\t\t\t\t\t\t\t<\/div>\n\t\t\t\t<\/div>\n\t\t\t\t\t<\/div>\n\t\t<\/div>\n\t\t\t\t\t<\/div>\n\t\t<\/section>\n\t\t\t\t<\/div>\n\t\t\n\n<div class=\"kk-star-ratings kksr-auto kksr-align-center kksr-valign-bottom\"\n    data-payload='{&quot;align&quot;:&quot;center&quot;,&quot;id&quot;:&quot;36634&quot;,&quot;slug&quot;:&quot;default&quot;,&quot;valign&quot;:&quot;bottom&quot;,&quot;ignore&quot;:&quot;&quot;,&quot;reference&quot;:&quot;auto&quot;,&quot;class&quot;:&quot;&quot;,&quot;count&quot;:&quot;0&quot;,&quot;legendonly&quot;:&quot;&quot;,&quot;readonly&quot;:&quot;&quot;,&quot;score&quot;:&quot;0&quot;,&quot;starsonly&quot;:&quot;&quot;,&quot;best&quot;:&quot;5&quot;,&quot;gap&quot;:&quot;5&quot;,&quot;greet&quot;:&quot;Rate this page&quot;,&quot;legend&quot;:&quot;0\\\/5 - (0 votes)&quot;,&quot;size&quot;:&quot;24&quot;,&quot;title&quot;:&quot;Hakk\u0131nda&quot;,&quot;width&quot;:&quot;0&quot;,&quot;_legend&quot;:&quot;{score}\\\/{best} - ({count} {votes})&quot;,&quot;font_factor&quot;:&quot;1.25&quot;}'>\n            \n<div class=\"kksr-stars\">\n    \n<div class=\"kksr-stars-inactive\">\n            <div class=\"kksr-star\" data-star=\"1\" style=\"padding-right: 5px\">\n            \n\n<div class=\"kksr-icon\" style=\"width: 24px; height: 24px;\"><\/div>\n        <\/div>\n            <div class=\"kksr-star\" data-star=\"2\" style=\"padding-right: 5px\">\n            \n\n<div class=\"kksr-icon\" style=\"width: 24px; height: 24px;\"><\/div>\n        <\/div>\n            <div class=\"kksr-star\" data-star=\"3\" style=\"padding-right: 5px\">\n            \n\n<div class=\"kksr-icon\" style=\"width: 24px; height: 24px;\"><\/div>\n        <\/div>\n            <div class=\"kksr-star\" data-star=\"4\" style=\"padding-right: 5px\">\n            \n\n<div class=\"kksr-icon\" style=\"width: 24px; height: 24px;\"><\/div>\n        <\/div>\n            <div class=\"kksr-star\" data-star=\"5\" style=\"padding-right: 5px\">\n            \n\n<div class=\"kksr-icon\" style=\"width: 24px; height: 24px;\"><\/div>\n        <\/div>\n    <\/div>\n    \n<div class=\"kksr-stars-active\" style=\"width: 0px;\">\n            <div class=\"kksr-star\" style=\"padding-right: 5px\">\n            \n\n<div class=\"kksr-icon\" style=\"width: 24px; height: 24px;\"><\/div>\n        <\/div>\n            <div class=\"kksr-star\" style=\"padding-right: 5px\">\n            \n\n<div class=\"kksr-icon\" style=\"width: 24px; height: 24px;\"><\/div>\n        <\/div>\n            <div class=\"kksr-star\" style=\"padding-right: 5px\">\n            \n\n<div class=\"kksr-icon\" style=\"width: 24px; height: 24px;\"><\/div>\n        <\/div>\n            <div class=\"kksr-star\" style=\"padding-right: 5px\">\n            \n\n<div class=\"kksr-icon\" style=\"width: 24px; height: 24px;\"><\/div>\n        <\/div>\n            <div class=\"kksr-star\" style=\"padding-right: 5px\">\n            \n\n<div class=\"kksr-icon\" style=\"width: 24px; height: 24px;\"><\/div>\n        <\/div>\n    <\/div>\n<\/div>\n                \n\n<div class=\"kksr-legend\" style=\"font-size: 19.2px;\">\n            <span class=\"kksr-muted\">Rate this page<\/span>\n    <\/div>\n    <\/div>\n","protected":false},"excerpt":{"rendered":"<p>pianobook hakk\u0131nda pianobook, piyano ile \u00e7al\u0131\u015fan veya sadece piyanoyu seven herkes i\u00e7in bir platformdur. Bu nedenle, web sitemizde kullan\u0131c\u0131lar piyano \u00f6\u011fretmenlerini, piyano barlar\u0131 ve konser salonlar\u0131 gibi e\u011flence mekanlar\u0131n\u0131, piyano okullar\u0131 veya \u00fcniversiteler gibi e\u011fitim kurumlar\u0131n\u0131, halka a\u00e7\u0131k piyanolar\u0131 ve kuyruklu piyanolar\u0131, piyano ma\u011fazalar\u0131n\u0131 ve hizmetlerini tamamen veya k\u0131smen piyanoya adam\u0131\u015f onar\u0131m ve yer de\u011fi\u015ftirme [&hellip;]<\/p>\n","protected":false},"author":1,"featured_media":0,"parent":0,"menu_order":0,"comment_status":"closed","ping_status":"closed","template":"","meta":{"footnotes":""},"wf_page_folders":[205],"class_list":["post-36634","page","type-page","status-publish","hentry"],"yoast_head":"<!-- This site is optimized with the Yoast SEO plugin v26.7 - https:\/\/yoast.com\/wordpress\/plugins\/seo\/ -->\n<title>Hakk\u0131nda - pianobook<\/title>\n<meta name=\"robots\" content=\"index, follow, max-snippet:-1, max-image-preview:large, max-video-preview:-1\" \/>\n<link rel=\"canonical\" href=\"https:\/\/www.pianobook.io\/tr\/hakkinda\/\" \/>\n<meta property=\"og:locale\" content=\"tr_TR\" \/>\n<meta property=\"og:type\" content=\"article\" \/>\n<meta property=\"og:title\" content=\"Hakk\u0131nda - pianobook\" \/>\n<meta property=\"og:description\" content=\"pianobook hakk\u0131nda pianobook, piyano ile \u00e7al\u0131\u015fan veya sadece piyanoyu seven herkes i\u00e7in bir platformdur. Bu nedenle, web sitemizde kullan\u0131c\u0131lar\" \/>\n<meta property=\"og:url\" content=\"https:\/\/www.pianobook.io\/tr\/hakkinda\/\" \/>\n<meta property=\"og:site_name\" content=\"pianobook\" \/>\n<meta property=\"article:modified_time\" content=\"2024-08-04T13:50:37+00:00\" \/>\n<meta property=\"og:image\" content=\"http:\/\/pianobook.io\/wp-content\/uploads\/elementor\/thumbs\/musicnotes-banner-1-phfezppksek0l1vmvika8j3vu96j7kr8t2mxj7skf6.jpg\" \/>\n<meta name=\"twitter:card\" content=\"summary_large_image\" \/>\n<meta name=\"twitter:label1\" content=\"Tahmini okuma s\u00fcresi\" \/>\n\t<meta name=\"twitter:data1\" content=\"1 dakika\" \/>\n<script type=\"application\/ld+json\" class=\"yoast-schema-graph\">{\"@context\":\"https:\/\/schema.org\",\"@graph\":[{\"@type\":\"WebPage\",\"@id\":\"https:\/\/www.pianobook.io\/tr\/hakkinda\/\",\"url\":\"https:\/\/www.pianobook.io\/tr\/hakkinda\/\",\"name\":\"Hakk\u0131nda - pianobook\",\"isPartOf\":{\"@id\":\"\/#website\"},\"primaryImageOfPage\":{\"@id\":\"https:\/\/www.pianobook.io\/tr\/hakkinda\/#primaryimage\"},\"image\":{\"@id\":\"https:\/\/www.pianobook.io\/tr\/hakkinda\/#primaryimage\"},\"thumbnailUrl\":\"http:\/\/pianobook.io\/wp-content\/uploads\/elementor\/thumbs\/musicnotes-banner-1-phfezppksek0l1vmvika8j3vu96j7kr8t2mxj7skf6.jpg\",\"datePublished\":\"2020-02-15T00:22:41+00:00\",\"dateModified\":\"2024-08-04T13:50:37+00:00\",\"breadcrumb\":{\"@id\":\"https:\/\/www.pianobook.io\/tr\/hakkinda\/#breadcrumb\"},\"inLanguage\":\"tr\",\"potentialAction\":[{\"@type\":\"ReadAction\",\"target\":[\"https:\/\/www.pianobook.io\/tr\/hakkinda\/\"]}]},{\"@type\":\"ImageObject\",\"inLanguage\":\"tr\",\"@id\":\"https:\/\/www.pianobook.io\/tr\/hakkinda\/#primaryimage\",\"url\":\"http:\/\/pianobook.io\/wp-content\/uploads\/elementor\/thumbs\/musicnotes-banner-1-phfezppksek0l1vmvika8j3vu96j7kr8t2mxj7skf6.jpg\",\"contentUrl\":\"http:\/\/pianobook.io\/wp-content\/uploads\/elementor\/thumbs\/musicnotes-banner-1-phfezppksek0l1vmvika8j3vu96j7kr8t2mxj7skf6.jpg\"},{\"@type\":\"BreadcrumbList\",\"@id\":\"https:\/\/www.pianobook.io\/tr\/hakkinda\/#breadcrumb\",\"itemListElement\":[{\"@type\":\"ListItem\",\"position\":1,\"name\":\"Home\",\"item\":\"https:\/\/www.pianobook.io\/tr\/\"},{\"@type\":\"ListItem\",\"position\":2,\"name\":\"Hakk\u0131nda\"}]},{\"@type\":\"WebSite\",\"@id\":\"\/#website\",\"url\":\"\/\",\"name\":\"pianobook\",\"description\":\"\",\"publisher\":{\"@id\":\"\/#organization\"},\"potentialAction\":[{\"@type\":\"SearchAction\",\"target\":{\"@type\":\"EntryPoint\",\"urlTemplate\":\"\/?s={search_term_string}\"},\"query-input\":{\"@type\":\"PropertyValueSpecification\",\"valueRequired\":true,\"valueName\":\"search_term_string\"}}],\"inLanguage\":\"tr\"},{\"@type\":\"Organization\",\"@id\":\"\/#organization\",\"name\":\"pianobook\",\"url\":\"\/\",\"logo\":{\"@type\":\"ImageObject\",\"inLanguage\":\"tr\",\"@id\":\"\/#\/schema\/logo\/image\/\",\"url\":\"http:\/\/pianobook.io\/wp-content\/uploads\/2024\/08\/pianobook-logo-black-e1722675166839.jpg\",\"contentUrl\":\"http:\/\/pianobook.io\/wp-content\/uploads\/2024\/08\/pianobook-logo-black-e1722675166839.jpg\",\"width\":250,\"height\":250,\"caption\":\"pianobook\"},\"image\":{\"@id\":\"\/#\/schema\/logo\/image\/\"}}]}<\/script>\n<!-- \/ Yoast SEO plugin. -->","yoast_head_json":{"title":"Hakk\u0131nda - pianobook","robots":{"index":"index","follow":"follow","max-snippet":"max-snippet:-1","max-image-preview":"max-image-preview:large","max-video-preview":"max-video-preview:-1"},"canonical":"https:\/\/www.pianobook.io\/tr\/hakkinda\/","og_locale":"tr_TR","og_type":"article","og_title":"Hakk\u0131nda - pianobook","og_description":"pianobook hakk\u0131nda pianobook, piyano ile \u00e7al\u0131\u015fan veya sadece piyanoyu seven herkes i\u00e7in bir platformdur. Bu nedenle, web sitemizde kullan\u0131c\u0131lar","og_url":"https:\/\/www.pianobook.io\/tr\/hakkinda\/","og_site_name":"pianobook","article_modified_time":"2024-08-04T13:50:37+00:00","og_image":[{"url":"http:\/\/pianobook.io\/wp-content\/uploads\/elementor\/thumbs\/musicnotes-banner-1-phfezppksek0l1vmvika8j3vu96j7kr8t2mxj7skf6.jpg","type":"","width":"","height":""}],"twitter_card":"summary_large_image","twitter_misc":{"Tahmini okuma s\u00fcresi":"1 dakika"},"schema":{"@context":"https:\/\/schema.org","@graph":[{"@type":"WebPage","@id":"https:\/\/www.pianobook.io\/tr\/hakkinda\/","url":"https:\/\/www.pianobook.io\/tr\/hakkinda\/","name":"Hakk\u0131nda - pianobook","isPartOf":{"@id":"\/#website"},"primaryImageOfPage":{"@id":"https:\/\/www.pianobook.io\/tr\/hakkinda\/#primaryimage"},"image":{"@id":"https:\/\/www.pianobook.io\/tr\/hakkinda\/#primaryimage"},"thumbnailUrl":"http:\/\/pianobook.io\/wp-content\/uploads\/elementor\/thumbs\/musicnotes-banner-1-phfezppksek0l1vmvika8j3vu96j7kr8t2mxj7skf6.jpg","datePublished":"2020-02-15T00:22:41+00:00","dateModified":"2024-08-04T13:50:37+00:00","breadcrumb":{"@id":"https:\/\/www.pianobook.io\/tr\/hakkinda\/#breadcrumb"},"inLanguage":"tr","potentialAction":[{"@type":"ReadAction","target":["https:\/\/www.pianobook.io\/tr\/hakkinda\/"]}]},{"@type":"ImageObject","inLanguage":"tr","@id":"https:\/\/www.pianobook.io\/tr\/hakkinda\/#primaryimage","url":"http:\/\/pianobook.io\/wp-content\/uploads\/elementor\/thumbs\/musicnotes-banner-1-phfezppksek0l1vmvika8j3vu96j7kr8t2mxj7skf6.jpg","contentUrl":"http:\/\/pianobook.io\/wp-content\/uploads\/elementor\/thumbs\/musicnotes-banner-1-phfezppksek0l1vmvika8j3vu96j7kr8t2mxj7skf6.jpg"},{"@type":"BreadcrumbList","@id":"https:\/\/www.pianobook.io\/tr\/hakkinda\/#breadcrumb","itemListElement":[{"@type":"ListItem","position":1,"name":"Home","item":"https:\/\/www.pianobook.io\/tr\/"},{"@type":"ListItem","position":2,"name":"Hakk\u0131nda"}]},{"@type":"WebSite","@id":"\/#website","url":"\/","name":"pianobook","description":"","publisher":{"@id":"\/#organization"},"potentialAction":[{"@type":"SearchAction","target":{"@type":"EntryPoint","urlTemplate":"\/?s={search_term_string}"},"query-input":{"@type":"PropertyValueSpecification","valueRequired":true,"valueName":"search_term_string"}}],"inLanguage":"tr"},{"@type":"Organization","@id":"\/#organization","name":"pianobook","url":"\/","logo":{"@type":"ImageObject","inLanguage":"tr","@id":"\/#\/schema\/logo\/image\/","url":"http:\/\/pianobook.io\/wp-content\/uploads\/2024\/08\/pianobook-logo-black-e1722675166839.jpg","contentUrl":"http:\/\/pianobook.io\/wp-content\/uploads\/2024\/08\/pianobook-logo-black-e1722675166839.jpg","width":250,"height":250,"caption":"pianobook"},"image":{"@id":"\/#\/schema\/logo\/image\/"}}]}},"_links":{"self":[{"href":"https:\/\/www.pianobook.io\/tr\/wp-json\/wp\/v2\/pages\/36634","targetHints":{"allow":["GET"]}}],"collection":[{"href":"https:\/\/www.pianobook.io\/tr\/wp-json\/wp\/v2\/pages"}],"about":[{"href":"https:\/\/www.pianobook.io\/tr\/wp-json\/wp\/v2\/types\/page"}],"author":[{"embeddable":true,"href":"https:\/\/www.pianobook.io\/tr\/wp-json\/wp\/v2\/users\/1"}],"replies":[{"embeddable":true,"href":"https:\/\/www.pianobook.io\/tr\/wp-json\/wp\/v2\/comments?post=36634"}],"version-history":[{"count":0,"href":"https:\/\/www.pianobook.io\/tr\/wp-json\/wp\/v2\/pages\/36634\/revisions"}],"wp:attachment":[{"href":"https:\/\/www.pianobook.io\/tr\/wp-json\/wp\/v2\/media?parent=36634"}],"wp:term":[{"taxonomy":"wf_page_folders","embeddable":true,"href":"https:\/\/www.pianobook.io\/tr\/wp-json\/wp\/v2\/wf_page_folders?post=36634"}],"curies":[{"name":"wp","href":"https:\/\/api.w.org\/{rel}","templated":true}]}}