{"id":20345,"date":"2023-06-13T03:32:41","date_gmt":"2023-06-13T01:32:41","guid":{"rendered":"https:\/blog\/"},"modified":"2024-02-28T10:44:44","modified_gmt":"2024-02-28T09:44:44","slug":"blog","status":"publish","type":"page","link":"https:\/\/www.pianobook.io\/pt\/blog\/","title":{"rendered":"Blog de piano"},"content":{"rendered":"\t\t<div data-elementor-type=\"wp-page\" data-elementor-id=\"20345\" class=\"elementor elementor-20345 elementor-13506\" data-elementor-post-type=\"page\">\n\t\t\t\t\t\t<section class=\"elementor-section elementor-top-section elementor-element elementor-element-4d31789f elementor-section-height-min-height elementor-section-content-middle elementor-section-boxed elementor-section-height-default elementor-section-items-middle\" data-id=\"4d31789f\" data-element_type=\"section\" data-settings=\"{&quot;background_background&quot;:&quot;classic&quot;}\">\n\t\t\t\t\t\t<div class=\"elementor-container elementor-column-gap-default\">\n\t\t\t\t\t<div class=\"elementor-column elementor-col-50 elementor-top-column elementor-element elementor-element-5aed6f80\" data-id=\"5aed6f80\" data-element_type=\"column\">\n\t\t\t<div class=\"elementor-widget-wrap elementor-element-populated\">\n\t\t\t\t\t\t<div class=\"elementor-element elementor-element-2c136252 elementor-widget elementor-widget-heading\" data-id=\"2c136252\" data-element_type=\"widget\" data-widget_type=\"heading.default\">\n\t\t\t\t<div class=\"elementor-widget-container\">\n\t\t\t\t\t<h1 class=\"elementor-heading-title elementor-size-default\">Blog sobre m\u00fasica e aprendizagem de piano<\/h1>\t\t\t\t<\/div>\n\t\t\t\t<\/div>\n\t\t\t\t<div class=\"elementor-element elementor-element-79df3bcc elementor-widget elementor-widget-text-editor\" data-id=\"79df3bcc\" data-element_type=\"widget\" data-widget_type=\"text-editor.default\">\n\t\t\t\t<div class=\"elementor-widget-container\">\n\t\t\t\t\t\t\t\t\t<p>Bem-vindo ao nosso blog de piano, onde as melodias encantadoras das teclas de marfim ganham vida atrav\u00e9s de artigos cativantes e opini\u00f5es de especialistas, guiando-te numa viagem musical que celebra a beleza intemporal e a arte do piano.<\/p>\n\t\t\t\t\t\t\t\t<\/div>\n\t\t\t\t<\/div>\n\t\t\t\t\t<\/div>\n\t\t<\/div>\n\t\t\t\t<div class=\"elementor-column elementor-col-50 elementor-top-column elementor-element elementor-element-2121be4d\" data-id=\"2121be4d\" data-element_type=\"column\">\n\t\t\t<div class=\"elementor-widget-wrap elementor-element-populated\">\n\t\t\t\t\t\t<div class=\"elementor-element elementor-element-41c64bd elementor-widget elementor-widget-image\" data-id=\"41c64bd\" data-element_type=\"widget\" data-widget_type=\"image.default\">\n\t\t\t\t<div class=\"elementor-widget-container\">\n\t\t\t\t\t\t\t\t\t\t\t\t\t\t\t<img decoding=\"async\" src=\"https:\/\/www.pianobook.io\/wp-content\/uploads\/elementor\/thumbs\/best-online-piano-blog-q7ohulou603xeb6ei0vvii773s2ir3dtahpw2u7qdo.jpg\" title=\"best-online-piano-blog\" alt=\"Welcome to the Best Online Piano Blog.\" loading=\"lazy\" \/>\t\t\t\t\t\t\t\t\t\t\t\t\t\t\t<\/div>\n\t\t\t\t<\/div>\n\t\t\t\t\t<\/div>\n\t\t<\/div>\n\t\t\t\t\t<\/div>\n\t\t<\/section>\n\t\t\t\t<section class=\"elementor-section elementor-top-section elementor-element elementor-element-debb072 elementor-section-boxed elementor-section-height-default elementor-section-height-default\" data-id=\"debb072\" data-element_type=\"section\">\n\t\t\t\t\t\t<div class=\"elementor-container elementor-column-gap-default\">\n\t\t\t\t\t<div class=\"elementor-column elementor-col-100 elementor-top-column elementor-element elementor-element-a506b50\" data-id=\"a506b50\" data-element_type=\"column\">\n\t\t\t<div class=\"elementor-widget-wrap elementor-element-populated\">\n\t\t\t\t\t\t<div class=\"elementor-element elementor-element-01f7c0c elementor-widget-divider--view-line elementor-widget elementor-widget-divider\" data-id=\"01f7c0c\" data-element_type=\"widget\" data-widget_type=\"divider.default\">\n\t\t\t\t<div class=\"elementor-widget-container\">\n\t\t\t\t\t\t\t<div class=\"elementor-divider\">\n\t\t\t<span class=\"elementor-divider-separator\">\n\t\t\t\t\t\t<\/span>\n\t\t<\/div>\n\t\t\t\t\t\t<\/div>\n\t\t\t\t<\/div>\n\t\t\t\t\t<\/div>\n\t\t<\/div>\n\t\t\t\t\t<\/div>\n\t\t<\/section>\n\t\t\t\t<section class=\"elementor-section elementor-top-section elementor-element elementor-element-658a0a94 elementor-section-content-top elementor-section-boxed elementor-section-height-default elementor-section-height-default\" data-id=\"658a0a94\" data-element_type=\"section\">\n\t\t\t\t\t\t<div class=\"elementor-container elementor-column-gap-no\">\n\t\t\t\t\t<div class=\"elementor-column elementor-col-66 elementor-top-column elementor-element elementor-element-dd666df\" data-id=\"dd666df\" data-element_type=\"column\">\n\t\t\t<div class=\"elementor-widget-wrap elementor-element-populated\">\n\t\t\t\t\t\t<div class=\"elementor-element elementor-element-406fac58 elementor-widget elementor-widget-spacer\" data-id=\"406fac58\" data-element_type=\"widget\" data-widget_type=\"spacer.default\">\n\t\t\t\t<div class=\"elementor-widget-container\">\n\t\t\t\t\t\t\t<div class=\"elementor-spacer\">\n\t\t\t<div class=\"elementor-spacer-inner\"><\/div>\n\t\t<\/div>\n\t\t\t\t\t\t<\/div>\n\t\t\t\t<\/div>\n\t\t\t\t<div class=\"elementor-element elementor-element-54982c73 elementor-widget elementor-widget-heading\" data-id=\"54982c73\" data-element_type=\"widget\" data-widget_type=\"heading.default\">\n\t\t\t\t<div class=\"elementor-widget-container\">\n\t\t\t\t\t<p class=\"elementor-heading-title elementor-size-default\">Conhecimentos<\/p>\t\t\t\t<\/div>\n\t\t\t\t<\/div>\n\t\t\t\t<div class=\"elementor-element elementor-element-2a2f9d6e elementor-widget elementor-widget-spacer\" data-id=\"2a2f9d6e\" data-element_type=\"widget\" data-widget_type=\"spacer.default\">\n\t\t\t\t<div class=\"elementor-widget-container\">\n\t\t\t\t\t\t\t<div class=\"elementor-spacer\">\n\t\t\t<div class=\"elementor-spacer-inner\"><\/div>\n\t\t<\/div>\n\t\t\t\t\t\t<\/div>\n\t\t\t\t<\/div>\n\t\t\t\t<div class=\"elementor-element elementor-element-eb34ed6 elementor-align-center elementor-widget elementor-widget-button\" data-id=\"eb34ed6\" data-element_type=\"widget\" data-widget_type=\"button.default\">\n\t\t\t\t<div class=\"elementor-widget-container\">\n\t\t\t\t\t\t\t\t\t<div class=\"elementor-button-wrapper\">\n\t\t\t\t\t<a class=\"elementor-button elementor-button-link elementor-size-sm\" href=\"https:\/pt\/blog\/piano-conhecimento\/\">\n\t\t\t\t\t\t<span class=\"elementor-button-content-wrapper\">\n\t\t\t\t\t\t\t\t\t<span class=\"elementor-button-text\">Todos os artigos de conhecimento sobre piano<\/span>\n\t\t\t\t\t<\/span>\n\t\t\t\t\t<\/a>\n\t\t\t\t<\/div>\n\t\t\t\t\t\t\t\t<\/div>\n\t\t\t\t<\/div>\n\t\t\t\t<div class=\"elementor-element elementor-element-a42d475 elementor-widget elementor-widget-spacer\" data-id=\"a42d475\" data-element_type=\"widget\" data-widget_type=\"spacer.default\">\n\t\t\t\t<div class=\"elementor-widget-container\">\n\t\t\t\t\t\t\t<div class=\"elementor-spacer\">\n\t\t\t<div class=\"elementor-spacer-inner\"><\/div>\n\t\t<\/div>\n\t\t\t\t\t\t<\/div>\n\t\t\t\t<\/div>\n\t\t\t\t<div class=\"elementor-element elementor-element-ae8b598 elementor-widget elementor-widget-heading\" data-id=\"ae8b598\" data-element_type=\"widget\" data-widget_type=\"heading.default\">\n\t\t\t\t<div class=\"elementor-widget-container\">\n\t\t\t\t\t<p class=\"elementor-heading-title elementor-size-default\">Partituras de Piano<\/p>\t\t\t\t<\/div>\n\t\t\t\t<\/div>\n\t\t\t\t<div class=\"elementor-element elementor-element-1d2a3e5 elementor-align-center elementor-widget elementor-widget-button\" data-id=\"1d2a3e5\" data-element_type=\"widget\" data-widget_type=\"button.default\">\n\t\t\t\t<div class=\"elementor-widget-container\">\n\t\t\t\t\t\t\t\t\t<div class=\"elementor-button-wrapper\">\n\t\t\t\t\t<a class=\"elementor-button elementor-button-link elementor-size-sm\" href=\"https:\/pt\/blog\/partituras-de-piano\/\">\n\t\t\t\t\t\t<span class=\"elementor-button-content-wrapper\">\n\t\t\t\t\t\t\t\t\t<span class=\"elementor-button-text\">Todos os artigos de partituras para piano<\/span>\n\t\t\t\t\t<\/span>\n\t\t\t\t\t<\/a>\n\t\t\t\t<\/div>\n\t\t\t\t\t\t\t\t<\/div>\n\t\t\t\t<\/div>\n\t\t\t\t<div class=\"elementor-element elementor-element-64666d2 elementor-widget elementor-widget-spacer\" data-id=\"64666d2\" data-element_type=\"widget\" data-widget_type=\"spacer.default\">\n\t\t\t\t<div class=\"elementor-widget-container\">\n\t\t\t\t\t\t\t<div class=\"elementor-spacer\">\n\t\t\t<div class=\"elementor-spacer-inner\"><\/div>\n\t\t<\/div>\n\t\t\t\t\t\t<\/div>\n\t\t\t\t<\/div>\n\t\t\t\t<div class=\"elementor-element elementor-element-b43e828 elementor-widget elementor-widget-heading\" data-id=\"b43e828\" data-element_type=\"widget\" data-widget_type=\"heading.default\">\n\t\t\t\t<div class=\"elementor-widget-container\">\n\t\t\t\t\t<p class=\"elementor-heading-title elementor-size-default\">Not\u00edcias<\/p>\t\t\t\t<\/div>\n\t\t\t\t<\/div>\n\t\t\t\t<div class=\"elementor-element elementor-element-c0f19c4 elementor-align-center elementor-widget elementor-widget-button\" data-id=\"c0f19c4\" data-element_type=\"widget\" data-widget_type=\"button.default\">\n\t\t\t\t<div class=\"elementor-widget-container\">\n\t\t\t\t\t\t\t\t\t<div class=\"elementor-button-wrapper\">\n\t\t\t\t\t<a class=\"elementor-button elementor-button-link elementor-size-sm\" href=\"https:\/pt\/blog\/piano-noticias\/\">\n\t\t\t\t\t\t<span class=\"elementor-button-content-wrapper\">\n\t\t\t\t\t\t\t\t\t<span class=\"elementor-button-text\">Todos os artigos da Piano News<\/span>\n\t\t\t\t\t<\/span>\n\t\t\t\t\t<\/a>\n\t\t\t\t<\/div>\n\t\t\t\t\t\t\t\t<\/div>\n\t\t\t\t<\/div>\n\t\t\t\t\t<\/div>\n\t\t<\/div>\n\t\t\t\t<div class=\"elementor-column elementor-col-33 elementor-top-column elementor-element elementor-element-cff0acd\" data-id=\"cff0acd\" data-element_type=\"column\" data-settings=\"{&quot;background_background&quot;:&quot;classic&quot;}\">\n\t\t\t<div class=\"elementor-widget-wrap elementor-element-populated\">\n\t\t\t\t\t\t<div class=\"elementor-element elementor-element-414f7504 elementor-widget elementor-widget-heading\" data-id=\"414f7504\" data-element_type=\"widget\" data-widget_type=\"heading.default\">\n\t\t\t\t<div class=\"elementor-widget-container\">\n\t\t\t\t\t<h2 class=\"elementor-heading-title elementor-size-default\">O nosso parceiro<\/h2>\t\t\t\t<\/div>\n\t\t\t\t<\/div>\n\t\t\t\t<div class=\"elementor-element elementor-element-e40f35c elementor-widget elementor-widget-image\" data-id=\"e40f35c\" data-element_type=\"widget\" data-widget_type=\"image.default\">\n\t\t\t\t<div class=\"elementor-widget-container\">\n\t\t\t\t\t\t\t\t\t\t\t\t\t\t\t\t<a href=\"https:\/\/click.linksynergy.com\/deeplink?id=IfU1rxd4MvU&#038;mid=13770&#038;murl=https%3A%2F%2Fwww.musicnotes.com%2Fpiano%2F\">\n\t\t\t\t\t\t\t<img decoding=\"async\" src=\"https:\/\/www.pianobook.io\/wp-content\/uploads\/elementor\/thumbs\/musicnotes-pianoobook-logo-qkfxjrkbn5rtjiadtdoebh4bias0pyum80wupf9yaw.png\" title=\"musicnotes-pianoobook-logo\" alt=\"musicnotes-pianoobook-logo\" class=\"elementor-animation-grow\" loading=\"lazy\" \/>\t\t\t\t\t\t\t\t<\/a>\n\t\t\t\t\t\t\t\t\t\t\t\t\t\t\t<\/div>\n\t\t\t\t<\/div>\n\t\t\t\t<div class=\"elementor-element elementor-element-608e8e4 elementor-widget elementor-widget-image\" data-id=\"608e8e4\" data-element_type=\"widget\" data-widget_type=\"image.default\">\n\t\t\t\t<div class=\"elementor-widget-container\">\n\t\t\t\t\t\t\t\t\t\t\t\t\t\t\t\t<a href=\"https:\/\/www.oktav.com\/en\/s\/gift-cards?ref=ngy2nzb\">\n\t\t\t\t\t\t\t<img decoding=\"async\" src=\"https:\/\/www.pianobook.io\/wp-content\/uploads\/elementor\/thumbs\/OKTAV-giftcard-banner-764x212-EN-qkfy1guwcu0874kog15ga0au9jivor4mnn82311148.png\" title=\"OKTAV-giftcard-banner-764&#215;212-EN\" alt=\"OKTAV-giftcard-banner-764x212-EN\" class=\"elementor-animation-grow\" loading=\"lazy\" \/>\t\t\t\t\t\t\t\t<\/a>\n\t\t\t\t\t\t\t\t\t\t\t\t\t\t\t<\/div>\n\t\t\t\t<\/div>\n\t\t\t\t<div class=\"elementor-element elementor-element-337f795 elementor-widget elementor-widget-image\" data-id=\"337f795\" data-element_type=\"widget\" data-widget_type=\"image.default\">\n\t\t\t\t<div class=\"elementor-widget-container\">\n\t\t\t\t\t\t\t\t\t\t\t\t\t\t\t\t<a href=\"https:\/\/go.flowkey.com\/pianobook\">\n\t\t\t\t\t\t\t<img decoding=\"async\" src=\"https:\/\/www.pianobook.io\/wp-content\/uploads\/elementor\/thumbs\/flowkey-pianoobook-logo-500-x-200-px-500-x-150-px-500-x-100-px-1-1-qkfxjudu7nvoic6acwwa0yepage4d25t8evb595rs8.png\" title=\"flowkey-pianoobook-logo (500 x 200 px) (500 x 150 px) (500 x 100 px) (1)\" alt=\"flowkey-pianoobook-logo (500 x 200 px) (500 x 150 px) (500 x 100 px) (1)\" class=\"elementor-animation-grow\" loading=\"lazy\" \/>\t\t\t\t\t\t\t\t<\/a>\n\t\t\t\t\t\t\t\t\t\t\t\t\t\t\t<\/div>\n\t\t\t\t<\/div>\n\t\t\t\t<div class=\"elementor-element elementor-element-3c0218e elementor-widget elementor-widget-heading\" data-id=\"3c0218e\" data-element_type=\"widget\" data-widget_type=\"heading.default\">\n\t\t\t\t<div class=\"elementor-widget-container\">\n\t\t\t\t\t<h2 class=\"elementor-heading-title elementor-size-default\">Mais Piano<\/h2>\t\t\t\t<\/div>\n\t\t\t\t<\/div>\n\t\t\t\t<div class=\"elementor-element elementor-element-2e77a59 elementor-align-center elementor-widget elementor-widget-button\" data-id=\"2e77a59\" data-element_type=\"widget\" data-widget_type=\"button.default\">\n\t\t\t\t<div class=\"elementor-widget-container\">\n\t\t\t\t\t\t\t\t\t<div class=\"elementor-button-wrapper\">\n\t\t\t\t\t<a class=\"elementor-button elementor-button-link elementor-size-sm\" href=\"https:\/pt\/pianista\/\">\n\t\t\t\t\t\t<span class=\"elementor-button-content-wrapper\">\n\t\t\t\t\t\t\t\t\t<span class=\"elementor-button-text\">Diret\u00f3rio de Pianistas<\/span>\n\t\t\t\t\t<\/span>\n\t\t\t\t\t<\/a>\n\t\t\t\t<\/div>\n\t\t\t\t\t\t\t\t<\/div>\n\t\t\t\t<\/div>\n\t\t\t\t<div class=\"elementor-element elementor-element-1d08ca2 elementor-widget-divider--view-line elementor-widget elementor-widget-divider\" data-id=\"1d08ca2\" data-element_type=\"widget\" data-widget_type=\"divider.default\">\n\t\t\t\t<div class=\"elementor-widget-container\">\n\t\t\t\t\t\t\t<div class=\"elementor-divider\">\n\t\t\t<span class=\"elementor-divider-separator\">\n\t\t\t\t\t\t<\/span>\n\t\t<\/div>\n\t\t\t\t\t\t<\/div>\n\t\t\t\t<\/div>\n\t\t\t\t<div class=\"elementor-element elementor-element-59ada2a elementor-align-center elementor-widget elementor-widget-button\" data-id=\"59ada2a\" data-element_type=\"widget\" data-widget_type=\"button.default\">\n\t\t\t\t<div class=\"elementor-widget-container\">\n\t\t\t\t\t\t\t\t\t<div class=\"elementor-button-wrapper\">\n\t\t\t\t\t<a class=\"elementor-button elementor-button-link elementor-size-sm\" href=\"https:\/pt\/marcas-de-pianos\/\">\n\t\t\t\t\t\t<span class=\"elementor-button-content-wrapper\">\n\t\t\t\t\t\t\t\t\t<span class=\"elementor-button-text\">Diret\u00f3rio de marcas de pianos<\/span>\n\t\t\t\t\t<\/span>\n\t\t\t\t\t<\/a>\n\t\t\t\t<\/div>\n\t\t\t\t\t\t\t\t<\/div>\n\t\t\t\t<\/div>\n\t\t\t\t\t<\/div>\n\t\t<\/div>\n\t\t\t\t\t<\/div>\n\t\t<\/section>\n\t\t\t\t<\/div>\n\t\t\n\n<div class=\"kk-star-ratings kksr-auto kksr-align-center kksr-valign-bottom\"\n    data-payload='{&quot;align&quot;:&quot;center&quot;,&quot;id&quot;:&quot;20345&quot;,&quot;slug&quot;:&quot;default&quot;,&quot;valign&quot;:&quot;bottom&quot;,&quot;ignore&quot;:&quot;&quot;,&quot;reference&quot;:&quot;auto&quot;,&quot;class&quot;:&quot;&quot;,&quot;count&quot;:&quot;1&quot;,&quot;legendonly&quot;:&quot;&quot;,&quot;readonly&quot;:&quot;&quot;,&quot;score&quot;:&quot;5&quot;,&quot;starsonly&quot;:&quot;&quot;,&quot;best&quot;:&quot;5&quot;,&quot;gap&quot;:&quot;5&quot;,&quot;greet&quot;:&quot;Rate this page&quot;,&quot;legend&quot;:&quot;5\\\/5 - (1 vote)&quot;,&quot;size&quot;:&quot;24&quot;,&quot;title&quot;:&quot;Blog de piano&quot;,&quot;width&quot;:&quot;142.5&quot;,&quot;_legend&quot;:&quot;{score}\\\/{best} - ({count} {votes})&quot;,&quot;font_factor&quot;:&quot;1.25&quot;}'>\n            \n<div class=\"kksr-stars\">\n    \n<div class=\"kksr-stars-inactive\">\n            <div class=\"kksr-star\" data-star=\"1\" style=\"padding-right: 5px\">\n            \n\n<div class=\"kksr-icon\" style=\"width: 24px; height: 24px;\"><\/div>\n        <\/div>\n            <div class=\"kksr-star\" data-star=\"2\" style=\"padding-right: 5px\">\n            \n\n<div class=\"kksr-icon\" style=\"width: 24px; height: 24px;\"><\/div>\n        <\/div>\n            <div class=\"kksr-star\" data-star=\"3\" style=\"padding-right: 5px\">\n            \n\n<div class=\"kksr-icon\" style=\"width: 24px; height: 24px;\"><\/div>\n        <\/div>\n            <div class=\"kksr-star\" data-star=\"4\" style=\"padding-right: 5px\">\n            \n\n<div class=\"kksr-icon\" style=\"width: 24px; height: 24px;\"><\/div>\n        <\/div>\n            <div class=\"kksr-star\" data-star=\"5\" style=\"padding-right: 5px\">\n            \n\n<div class=\"kksr-icon\" style=\"width: 24px; height: 24px;\"><\/div>\n        <\/div>\n    <\/div>\n    \n<div class=\"kksr-stars-active\" style=\"width: 142.5px;\">\n            <div class=\"kksr-star\" style=\"padding-right: 5px\">\n            \n\n<div class=\"kksr-icon\" style=\"width: 24px; height: 24px;\"><\/div>\n        <\/div>\n            <div class=\"kksr-star\" style=\"padding-right: 5px\">\n            \n\n<div class=\"kksr-icon\" style=\"width: 24px; height: 24px;\"><\/div>\n        <\/div>\n            <div class=\"kksr-star\" style=\"padding-right: 5px\">\n            \n\n<div class=\"kksr-icon\" style=\"width: 24px; height: 24px;\"><\/div>\n        <\/div>\n            <div class=\"kksr-star\" style=\"padding-right: 5px\">\n            \n\n<div class=\"kksr-icon\" style=\"width: 24px; height: 24px;\"><\/div>\n        <\/div>\n            <div class=\"kksr-star\" style=\"padding-right: 5px\">\n            \n\n<div class=\"kksr-icon\" style=\"width: 24px; height: 24px;\"><\/div>\n        <\/div>\n    <\/div>\n<\/div>\n                \n\n<div class=\"kksr-legend\" style=\"font-size: 19.2px;\">\n            5\/5 - (1 vote)    <\/div>\n    <\/div>\n","protected":false},"excerpt":{"rendered":"<p>Blog sobre m\u00fasica e aprendizagem de piano Bem-vindo ao nosso blog de piano, onde as melodias encantadoras das teclas de marfim ganham vida atrav\u00e9s de artigos cativantes e opini\u00f5es de especialistas, guiando-te numa viagem musical que celebra a beleza intemporal e a arte do piano. Conhecimentos Todos os artigos de conhecimento sobre piano Partituras de [&hellip;]<\/p>\n","protected":false},"author":1,"featured_media":0,"parent":0,"menu_order":0,"comment_status":"closed","ping_status":"closed","template":"","meta":{"footnotes":""},"wf_page_folders":[208],"class_list":["post-20345","page","type-page","status-publish","hentry"],"yoast_head":"<!-- This site is optimized with the Yoast SEO plugin v26.7 - https:\/\/yoast.com\/wordpress\/plugins\/seo\/ -->\n<title>Melhor blog de m\u00fasica e aprendizagem de piano | pianobook<\/title>\n<meta name=\"description\" content=\"Aqui, publicamos regularmente artigos relacionados com o piano e com pianistas fant\u00e1sticos, ou damos-te inspira\u00e7\u00e3o para partituras de piano para mu\" \/>\n<meta name=\"robots\" content=\"index, follow, max-snippet:-1, max-image-preview:large, max-video-preview:-1\" \/>\n<link rel=\"canonical\" href=\"https:\/\/www.pianobook.io\/pt\/blog\/\" \/>\n<meta property=\"og:locale\" content=\"pt_PT\" \/>\n<meta property=\"og:type\" content=\"article\" \/>\n<meta property=\"og:title\" content=\"Melhor blog de m\u00fasica e aprendizagem de piano | pianobook\" \/>\n<meta property=\"og:description\" content=\"Aqui, publicamos regularmente artigos relacionados com o piano e com pianistas fant\u00e1sticos, ou damos-te inspira\u00e7\u00e3o para partituras de piano para mu\" \/>\n<meta property=\"og:url\" content=\"https:\/\/www.pianobook.io\/pt\/blog\/\" \/>\n<meta property=\"og:site_name\" content=\"pianobook\" \/>\n<meta property=\"article:modified_time\" content=\"2024-02-28T09:44:44+00:00\" \/>\n<meta property=\"og:image\" content=\"http:\/\/pianobook.io\/wp-content\/uploads\/elementor\/thumbs\/best-online-piano-blog-q7ohulou603xeb6ei0vvii773s2ir3dtahpvmau3nk.jpg\" \/>\n<meta name=\"twitter:card\" content=\"summary_large_image\" \/>\n<script type=\"application\/ld+json\" class=\"yoast-schema-graph\">{\"@context\":\"https:\/\/schema.org\",\"@graph\":[{\"@type\":\"WebPage\",\"@id\":\"https:\/\/www.pianobook.io\/pt\/blog\/\",\"url\":\"https:\/\/www.pianobook.io\/pt\/blog\/\",\"name\":\"Melhor blog de m\u00fasica e aprendizagem de piano | pianobook\",\"isPartOf\":{\"@id\":\"\/#website\"},\"primaryImageOfPage\":{\"@id\":\"https:\/\/www.pianobook.io\/pt\/blog\/#primaryimage\"},\"image\":{\"@id\":\"https:\/\/www.pianobook.io\/pt\/blog\/#primaryimage\"},\"thumbnailUrl\":\"http:\/\/pianobook.io\/wp-content\/uploads\/elementor\/thumbs\/best-online-piano-blog-q7ohulou603xeb6ei0vvii773s2ir3dtahpvmau3nk.jpg\",\"datePublished\":\"2023-06-13T01:32:41+00:00\",\"dateModified\":\"2024-02-28T09:44:44+00:00\",\"description\":\"Aqui, publicamos regularmente artigos relacionados com o piano e com pianistas fant\u00e1sticos, ou damos-te inspira\u00e7\u00e3o para partituras de piano para muitas ocasi\u00f5es.\",\"breadcrumb\":{\"@id\":\"https:\/\/www.pianobook.io\/pt\/blog\/#breadcrumb\"},\"inLanguage\":\"pt-PT\",\"potentialAction\":[{\"@type\":\"ReadAction\",\"target\":[\"https:\/\/www.pianobook.io\/pt\/blog\/\"]}]},{\"@type\":\"ImageObject\",\"inLanguage\":\"pt-PT\",\"@id\":\"https:\/\/www.pianobook.io\/pt\/blog\/#primaryimage\",\"url\":\"http:\/\/pianobook.io\/wp-content\/uploads\/elementor\/thumbs\/best-online-piano-blog-q7ohulou603xeb6ei0vvii773s2ir3dtahpvmau3nk.jpg\",\"contentUrl\":\"http:\/\/pianobook.io\/wp-content\/uploads\/elementor\/thumbs\/best-online-piano-blog-q7ohulou603xeb6ei0vvii773s2ir3dtahpvmau3nk.jpg\"},{\"@type\":\"BreadcrumbList\",\"@id\":\"https:\/\/www.pianobook.io\/pt\/blog\/#breadcrumb\",\"itemListElement\":[{\"@type\":\"ListItem\",\"position\":1,\"name\":\"Home\",\"item\":\"https:\/\/www.pianobook.io\/pt\/\"},{\"@type\":\"ListItem\",\"position\":2,\"name\":\"Blog de piano\"}]},{\"@type\":\"WebSite\",\"@id\":\"\/#website\",\"url\":\"\/\",\"name\":\"pianobook\",\"description\":\"\",\"publisher\":{\"@id\":\"\/#organization\"},\"potentialAction\":[{\"@type\":\"SearchAction\",\"target\":{\"@type\":\"EntryPoint\",\"urlTemplate\":\"\/?s={search_term_string}\"},\"query-input\":{\"@type\":\"PropertyValueSpecification\",\"valueRequired\":true,\"valueName\":\"search_term_string\"}}],\"inLanguage\":\"pt-PT\"},{\"@type\":\"Organization\",\"@id\":\"\/#organization\",\"name\":\"pianobook\",\"url\":\"\/\",\"logo\":{\"@type\":\"ImageObject\",\"inLanguage\":\"pt-PT\",\"@id\":\"\/#\/schema\/logo\/image\/\",\"url\":\"http:\/\/pianobook.io\/wp-content\/uploads\/2024\/08\/pianobook-logo-black-e1722675166839.jpg\",\"contentUrl\":\"http:\/\/pianobook.io\/wp-content\/uploads\/2024\/08\/pianobook-logo-black-e1722675166839.jpg\",\"width\":250,\"height\":250,\"caption\":\"pianobook\"},\"image\":{\"@id\":\"\/#\/schema\/logo\/image\/\"}}]}<\/script>\n<!-- \/ Yoast SEO plugin. -->","yoast_head_json":{"title":"Melhor blog de m\u00fasica e aprendizagem de piano | pianobook","description":"Aqui, publicamos regularmente artigos relacionados com o piano e com pianistas fant\u00e1sticos, ou damos-te inspira\u00e7\u00e3o para partituras de piano para mu","robots":{"index":"index","follow":"follow","max-snippet":"max-snippet:-1","max-image-preview":"max-image-preview:large","max-video-preview":"max-video-preview:-1"},"canonical":"https:\/\/www.pianobook.io\/pt\/blog\/","og_locale":"pt_PT","og_type":"article","og_title":"Melhor blog de m\u00fasica e aprendizagem de piano | pianobook","og_description":"Aqui, publicamos regularmente artigos relacionados com o piano e com pianistas fant\u00e1sticos, ou damos-te inspira\u00e7\u00e3o para partituras de piano para mu","og_url":"https:\/\/www.pianobook.io\/pt\/blog\/","og_site_name":"pianobook","article_modified_time":"2024-02-28T09:44:44+00:00","og_image":[{"url":"http:\/\/pianobook.io\/wp-content\/uploads\/elementor\/thumbs\/best-online-piano-blog-q7ohulou603xeb6ei0vvii773s2ir3dtahpvmau3nk.jpg","type":"","width":"","height":""}],"twitter_card":"summary_large_image","schema":{"@context":"https:\/\/schema.org","@graph":[{"@type":"WebPage","@id":"https:\/\/www.pianobook.io\/pt\/blog\/","url":"https:\/\/www.pianobook.io\/pt\/blog\/","name":"Melhor blog de m\u00fasica e aprendizagem de piano | pianobook","isPartOf":{"@id":"\/#website"},"primaryImageOfPage":{"@id":"https:\/\/www.pianobook.io\/pt\/blog\/#primaryimage"},"image":{"@id":"https:\/\/www.pianobook.io\/pt\/blog\/#primaryimage"},"thumbnailUrl":"http:\/\/pianobook.io\/wp-content\/uploads\/elementor\/thumbs\/best-online-piano-blog-q7ohulou603xeb6ei0vvii773s2ir3dtahpvmau3nk.jpg","datePublished":"2023-06-13T01:32:41+00:00","dateModified":"2024-02-28T09:44:44+00:00","description":"Aqui, publicamos regularmente artigos relacionados com o piano e com pianistas fant\u00e1sticos, ou damos-te inspira\u00e7\u00e3o para partituras de piano para muitas ocasi\u00f5es.","breadcrumb":{"@id":"https:\/\/www.pianobook.io\/pt\/blog\/#breadcrumb"},"inLanguage":"pt-PT","potentialAction":[{"@type":"ReadAction","target":["https:\/\/www.pianobook.io\/pt\/blog\/"]}]},{"@type":"ImageObject","inLanguage":"pt-PT","@id":"https:\/\/www.pianobook.io\/pt\/blog\/#primaryimage","url":"http:\/\/pianobook.io\/wp-content\/uploads\/elementor\/thumbs\/best-online-piano-blog-q7ohulou603xeb6ei0vvii773s2ir3dtahpvmau3nk.jpg","contentUrl":"http:\/\/pianobook.io\/wp-content\/uploads\/elementor\/thumbs\/best-online-piano-blog-q7ohulou603xeb6ei0vvii773s2ir3dtahpvmau3nk.jpg"},{"@type":"BreadcrumbList","@id":"https:\/\/www.pianobook.io\/pt\/blog\/#breadcrumb","itemListElement":[{"@type":"ListItem","position":1,"name":"Home","item":"https:\/\/www.pianobook.io\/pt\/"},{"@type":"ListItem","position":2,"name":"Blog de piano"}]},{"@type":"WebSite","@id":"\/#website","url":"\/","name":"pianobook","description":"","publisher":{"@id":"\/#organization"},"potentialAction":[{"@type":"SearchAction","target":{"@type":"EntryPoint","urlTemplate":"\/?s={search_term_string}"},"query-input":{"@type":"PropertyValueSpecification","valueRequired":true,"valueName":"search_term_string"}}],"inLanguage":"pt-PT"},{"@type":"Organization","@id":"\/#organization","name":"pianobook","url":"\/","logo":{"@type":"ImageObject","inLanguage":"pt-PT","@id":"\/#\/schema\/logo\/image\/","url":"http:\/\/pianobook.io\/wp-content\/uploads\/2024\/08\/pianobook-logo-black-e1722675166839.jpg","contentUrl":"http:\/\/pianobook.io\/wp-content\/uploads\/2024\/08\/pianobook-logo-black-e1722675166839.jpg","width":250,"height":250,"caption":"pianobook"},"image":{"@id":"\/#\/schema\/logo\/image\/"}}]}},"_links":{"self":[{"href":"https:\/\/www.pianobook.io\/pt\/wp-json\/wp\/v2\/pages\/20345","targetHints":{"allow":["GET"]}}],"collection":[{"href":"https:\/\/www.pianobook.io\/pt\/wp-json\/wp\/v2\/pages"}],"about":[{"href":"https:\/\/www.pianobook.io\/pt\/wp-json\/wp\/v2\/types\/page"}],"author":[{"embeddable":true,"href":"https:\/\/www.pianobook.io\/pt\/wp-json\/wp\/v2\/users\/1"}],"replies":[{"embeddable":true,"href":"https:\/\/www.pianobook.io\/pt\/wp-json\/wp\/v2\/comments?post=20345"}],"version-history":[{"count":0,"href":"https:\/\/www.pianobook.io\/pt\/wp-json\/wp\/v2\/pages\/20345\/revisions"}],"wp:attachment":[{"href":"https:\/\/www.pianobook.io\/pt\/wp-json\/wp\/v2\/media?parent=20345"}],"wp:term":[{"taxonomy":"wf_page_folders","embeddable":true,"href":"https:\/\/www.pianobook.io\/pt\/wp-json\/wp\/v2\/wf_page_folders?post=20345"}],"curies":[{"name":"wp","href":"https:\/\/api.w.org\/{rel}","templated":true}]}}