{"id":15143,"date":"2022-11-01T13:28:05","date_gmt":"2022-11-01T12:28:05","guid":{"rendered":"https:\/contact\/"},"modified":"2023-10-02T23:56:25","modified_gmt":"2023-10-02T21:56:25","slug":"contacter","status":"publish","type":"page","link":"https:\/\/www.pianobook.io\/fr\/contacter\/","title":{"rendered":"Contact"},"content":{"rendered":"\t\t<div data-elementor-type=\"wp-page\" data-elementor-id=\"15143\" class=\"elementor elementor-15143 elementor-5565\" data-elementor-post-type=\"page\">\n\t\t\t\t\t\t<section class=\"elementor-section elementor-top-section elementor-element elementor-element-3e693ec elementor-section-boxed elementor-section-height-default elementor-section-height-default\" data-id=\"3e693ec\" data-element_type=\"section\">\n\t\t\t\t\t\t<div class=\"elementor-container elementor-column-gap-default\">\n\t\t\t\t\t<div class=\"elementor-column elementor-col-100 elementor-top-column elementor-element elementor-element-6b0cecc1\" data-id=\"6b0cecc1\" data-element_type=\"column\">\n\t\t\t<div class=\"elementor-widget-wrap elementor-element-populated\">\n\t\t\t\t\t\t<div class=\"elementor-element elementor-element-5f0b6009 elementor-widget elementor-widget-spacer\" data-id=\"5f0b6009\" data-element_type=\"widget\" data-widget_type=\"spacer.default\">\n\t\t\t\t<div class=\"elementor-widget-container\">\n\t\t\t\t\t\t\t<div class=\"elementor-spacer\">\n\t\t\t<div class=\"elementor-spacer-inner\"><\/div>\n\t\t<\/div>\n\t\t\t\t\t\t<\/div>\n\t\t\t\t<\/div>\n\t\t\t\t<div class=\"elementor-element elementor-element-77f0ce18 elementor-widget elementor-widget-heading\" data-id=\"77f0ce18\" data-element_type=\"widget\" data-widget_type=\"heading.default\">\n\t\t\t\t<div class=\"elementor-widget-container\">\n\t\t\t\t\t<h1 class=\"elementor-heading-title elementor-size-default\">Bienvenue sur notre page de contact !<\/h1>\t\t\t\t<\/div>\n\t\t\t\t<\/div>\n\t\t\t\t\t<\/div>\n\t\t<\/div>\n\t\t\t\t\t<\/div>\n\t\t<\/section>\n\t\t\t\t<section class=\"elementor-section elementor-top-section elementor-element elementor-element-36f757ba elementor-section-boxed elementor-section-height-default elementor-section-height-default\" data-id=\"36f757ba\" data-element_type=\"section\">\n\t\t\t\t\t\t<div class=\"elementor-container elementor-column-gap-default\">\n\t\t\t\t\t<div class=\"elementor-column elementor-col-100 elementor-top-column elementor-element elementor-element-f07bb71\" data-id=\"f07bb71\" data-element_type=\"column\">\n\t\t\t<div class=\"elementor-widget-wrap elementor-element-populated\">\n\t\t\t\t\t\t<div class=\"elementor-element elementor-element-7660e2b1 elementor-widget elementor-widget-text-editor\" data-id=\"7660e2b1\" data-element_type=\"widget\" data-widget_type=\"text-editor.default\">\n\t\t\t\t<div class=\"elementor-widget-container\">\n\t\t\t\t\t\t\t\t\t<p>Nous appr\u00e9cions tes commentaires, tes demandes et tes suggestions, et nous sommes l\u00e0 pour t&rsquo;aider de toutes les fa\u00e7ons possibles. Que tu aies une question sur nos produits ou services, que tu aies besoin d&rsquo;aide pour une commande ou que tu veuilles simplement partager tes r\u00e9flexions, notre page de contact est l&rsquo;endroit id\u00e9al pour entrer en contact avec nous.<\/p>\n\t\t\t\t\t\t\t\t<\/div>\n\t\t\t\t<\/div>\n\t\t\t\t\t<\/div>\n\t\t<\/div>\n\t\t\t\t\t<\/div>\n\t\t<\/section>\n\t\t\t\t<section class=\"elementor-section elementor-top-section elementor-element elementor-element-a01bb6e elementor-section-boxed elementor-section-height-default elementor-section-height-default\" data-id=\"a01bb6e\" data-element_type=\"section\">\n\t\t\t\t\t\t<div class=\"elementor-container elementor-column-gap-default\">\n\t\t\t\t\t<div class=\"elementor-column elementor-col-16 elementor-top-column elementor-element elementor-element-96c14d5\" data-id=\"96c14d5\" data-element_type=\"column\">\n\t\t\t<div class=\"elementor-widget-wrap\">\n\t\t\t\t\t\t\t<\/div>\n\t\t<\/div>\n\t\t\t\t<div class=\"elementor-column elementor-col-66 elementor-top-column elementor-element elementor-element-5706d24\" data-id=\"5706d24\" data-element_type=\"column\">\n\t\t\t<div class=\"elementor-widget-wrap elementor-element-populated\">\n\t\t\t\t\t\t<div class=\"elementor-element elementor-element-5e7b164 elementor-button-align-stretch elementor-widget elementor-widget-form\" data-id=\"5e7b164\" data-element_type=\"widget\" data-settings=\"{&quot;step_next_label&quot;:&quot;Suivant&quot;,&quot;step_previous_label&quot;:&quot;Pr\\u00e9c\\u00e9dent&quot;,&quot;button_width&quot;:&quot;100&quot;,&quot;step_type&quot;:&quot;number_text&quot;,&quot;step_icon_shape&quot;:&quot;circle&quot;}\" data-widget_type=\"form.default\">\n\t\t\t\t<div class=\"elementor-widget-container\">\n\t\t\t\t\t\t\t<form class=\"elementor-form\" method=\"post\" name=\"Nouveau formulaire\" aria-label=\"Nouveau formulaire\">\n\t\t\t<input type=\"hidden\" name=\"post_id\" value=\"15143\"\/>\n\t\t\t<input type=\"hidden\" name=\"form_id\" value=\"5e7b164\"\/>\n\t\t\t<input type=\"hidden\" name=\"referer_title\" value=\"pianobook\" \/>\n\n\t\t\t\n\t\t\t<div class=\"elementor-form-fields-wrapper elementor-labels-above\">\n\t\t\t\t\t\t\t\t<div class=\"elementor-field-type-text elementor-field-group elementor-column elementor-field-group-name elementor-col-100\">\n\t\t\t\t\t\t\t\t\t\t\t\t<label for=\"form-field-name\" class=\"elementor-field-label\">\n\t\t\t\t\t\t\t\tNom\t\t\t\t\t\t\t<\/label>\n\t\t\t\t\t\t\t\t\t\t\t\t\t\t<input size=\"1\" type=\"text\" name=\"form_fields[name]\" id=\"form-field-name\" class=\"elementor-field elementor-size-sm  elementor-field-textual\" placeholder=\"Nom\">\n\t\t\t\t\t\t\t\t\t\t\t<\/div>\n\t\t\t\t\t\t\t\t<div class=\"elementor-field-type-email elementor-field-group elementor-column elementor-field-group-email elementor-col-100 elementor-field-required\">\n\t\t\t\t\t\t\t\t\t\t\t\t<label for=\"form-field-email\" class=\"elementor-field-label\">\n\t\t\t\t\t\t\t\tCourriel\t\t\t\t\t\t\t<\/label>\n\t\t\t\t\t\t\t\t\t\t\t\t\t\t<input size=\"1\" type=\"email\" name=\"form_fields[email]\" id=\"form-field-email\" class=\"elementor-field elementor-size-sm  elementor-field-textual\" placeholder=\"Courriel\" required=\"required\">\n\t\t\t\t\t\t\t\t\t\t\t<\/div>\n\t\t\t\t\t\t\t\t<div class=\"elementor-field-type-textarea elementor-field-group elementor-column elementor-field-group-message elementor-col-100 elementor-field-required\">\n\t\t\t\t\t\t\t\t\t\t\t\t<label for=\"form-field-message\" class=\"elementor-field-label\">\n\t\t\t\t\t\t\t\tMessage\t\t\t\t\t\t\t<\/label>\n\t\t\t\t\t\t<textarea class=\"elementor-field-textual elementor-field  elementor-size-sm\" name=\"form_fields[message]\" id=\"form-field-message\" rows=\"4\" placeholder=\"Message\" required=\"required\"><\/textarea>\t\t\t\t<\/div>\n\t\t\t\t\t\t\t\t<div class=\"elementor-field-group elementor-column elementor-field-type-submit elementor-col-100 e-form__buttons\">\n\t\t\t\t\t<button class=\"elementor-button elementor-size-sm\" type=\"submit\">\n\t\t\t\t\t\t<span class=\"elementor-button-content-wrapper\">\n\t\t\t\t\t\t\t\t\t\t\t\t\t\t\t\t\t\t\t\t\t\t<span class=\"elementor-button-text\">Envoyer<\/span>\n\t\t\t\t\t\t\t\t\t\t\t\t\t<\/span>\n\t\t\t\t\t<\/button>\n\t\t\t\t<\/div>\n\t\t\t<\/div>\n\t\t<input\n                    class=\"apbct_special_field apbct_email_id__elementor_form\"\n                    name=\"apbct__email_id__elementor_form\"\n                    aria-label=\"Nouveau formulaire\"\n                    type=\"text\" size=\"30\" maxlength=\"200\" autocomplete=\"off\"\n                    value=\"\"\n                \/><\/form>\n\t\t\t\t\t\t<\/div>\n\t\t\t\t<\/div>\n\t\t\t\t\t<\/div>\n\t\t<\/div>\n\t\t\t\t<div class=\"elementor-column elementor-col-16 elementor-top-column elementor-element elementor-element-05f99c3\" data-id=\"05f99c3\" data-element_type=\"column\">\n\t\t\t<div class=\"elementor-widget-wrap\">\n\t\t\t\t\t\t\t<\/div>\n\t\t<\/div>\n\t\t\t\t\t<\/div>\n\t\t<\/section>\n\t\t\t\t<section class=\"elementor-section elementor-top-section elementor-element elementor-element-55c7c04d elementor-section-boxed elementor-section-height-default elementor-section-height-default\" data-id=\"55c7c04d\" data-element_type=\"section\">\n\t\t\t\t\t\t<div class=\"elementor-container elementor-column-gap-default\">\n\t\t\t\t\t<div class=\"elementor-column elementor-col-100 elementor-top-column elementor-element elementor-element-25b13e9f\" data-id=\"25b13e9f\" data-element_type=\"column\">\n\t\t\t<div class=\"elementor-widget-wrap elementor-element-populated\">\n\t\t\t\t\t\t<div class=\"elementor-element elementor-element-9e47b7d elementor-widget elementor-widget-image\" data-id=\"9e47b7d\" data-element_type=\"widget\" data-widget_type=\"image.default\">\n\t\t\t\t<div class=\"elementor-widget-container\">\n\t\t\t\t\t\t\t\t\t\t\t\t\t\t\t\t<a href=\"https:\/\/click.linksynergy.com\/deeplink?id=IfU1rxd4MvU&#038;mid=13770&#038;murl=https%3A%2F%2Fwww.musicnotes.com%2Fpiano%2F\">\n\t\t\t\t\t\t\t<img decoding=\"async\" src=\"https:\/\/www.pianobook.io\/wp-content\/uploads\/elementor\/thumbs\/musicnotes-banner-1-phfezppksek0l1vmvika8j3vu96j7kr8t2mxj7skf6.jpg\" title=\"musicnotes-banner\" alt=\"musicnotes-banner\" class=\"elementor-animation-grow\" loading=\"lazy\" \/>\t\t\t\t\t\t\t\t<\/a>\n\t\t\t\t\t\t\t\t\t\t\t\t\t\t\t<\/div>\n\t\t\t\t<\/div>\n\t\t\t\t\t<\/div>\n\t\t<\/div>\n\t\t\t\t\t<\/div>\n\t\t<\/section>\n\t\t\t\t<\/div>\n\t\t","protected":false},"excerpt":{"rendered":"<p>Bienvenue sur notre page de contact ! Nous appr\u00e9cions tes commentaires, tes demandes et tes suggestions, et nous sommes l\u00e0 pour t&rsquo;aider de toutes les fa\u00e7ons possibles. Que tu aies une question sur nos produits ou services, que tu aies besoin d&rsquo;aide pour une commande ou que tu veuilles simplement partager tes r\u00e9flexions, notre page [&hellip;]<\/p>\n","protected":false},"author":1,"featured_media":0,"parent":0,"menu_order":0,"comment_status":"closed","ping_status":"closed","template":"","meta":{"footnotes":""},"wf_page_folders":[205],"class_list":["post-15143","page","type-page","status-publish","hentry"],"yoast_head":"<!-- This site is optimized with the Yoast SEO plugin v26.7 - https:\/\/yoast.com\/wordpress\/plugins\/seo\/ -->\n<title>Contact - pianobook<\/title>\n<meta name=\"robots\" content=\"index, follow, max-snippet:-1, max-image-preview:large, max-video-preview:-1\" \/>\n<link rel=\"canonical\" href=\"https:\/\/www.pianobook.io\/fr\/contacter\/\" \/>\n<meta property=\"og:locale\" content=\"fr_FR\" \/>\n<meta property=\"og:type\" content=\"article\" \/>\n<meta property=\"og:title\" content=\"Contact - pianobook\" \/>\n<meta property=\"og:description\" content=\"Bienvenue sur notre page de contact ! Nous appr\u00e9cions tes commentaires, tes demandes et tes suggestions, et nous sommes l\u00e0 pour t&rsquo;aider de tou\" \/>\n<meta property=\"og:url\" content=\"https:\/\/www.pianobook.io\/fr\/contacter\/\" \/>\n<meta property=\"og:site_name\" content=\"pianobook\" \/>\n<meta property=\"article:modified_time\" content=\"2023-10-02T21:56:25+00:00\" \/>\n<meta property=\"og:image\" content=\"http:\/\/pianobook.io\/wp-content\/uploads\/elementor\/thumbs\/musicnotes-banner-1-phfezppksek0l1vmvika8j3vu96j7kr8t2mxj7skf6.jpg\" \/>\n<meta name=\"twitter:card\" content=\"summary_large_image\" \/>\n<script type=\"application\/ld+json\" class=\"yoast-schema-graph\">{\"@context\":\"https:\/\/schema.org\",\"@graph\":[{\"@type\":\"WebPage\",\"@id\":\"https:\/\/www.pianobook.io\/fr\/contacter\/\",\"url\":\"https:\/\/www.pianobook.io\/fr\/contacter\/\",\"name\":\"Contact - pianobook\",\"isPartOf\":{\"@id\":\"\/#website\"},\"primaryImageOfPage\":{\"@id\":\"https:\/\/www.pianobook.io\/fr\/contacter\/#primaryimage\"},\"image\":{\"@id\":\"https:\/\/www.pianobook.io\/fr\/contacter\/#primaryimage\"},\"thumbnailUrl\":\"http:\/\/pianobook.io\/wp-content\/uploads\/elementor\/thumbs\/musicnotes-banner-1-phfezppksek0l1vmvika8j3vu96j7kr8t2mxj7skf6.jpg\",\"datePublished\":\"2022-11-01T12:28:05+00:00\",\"dateModified\":\"2023-10-02T21:56:25+00:00\",\"breadcrumb\":{\"@id\":\"https:\/\/www.pianobook.io\/fr\/contacter\/#breadcrumb\"},\"inLanguage\":\"fr-FR\",\"potentialAction\":[{\"@type\":\"ReadAction\",\"target\":[\"https:\/\/www.pianobook.io\/fr\/contacter\/\"]}]},{\"@type\":\"ImageObject\",\"inLanguage\":\"fr-FR\",\"@id\":\"https:\/\/www.pianobook.io\/fr\/contacter\/#primaryimage\",\"url\":\"http:\/\/pianobook.io\/wp-content\/uploads\/elementor\/thumbs\/musicnotes-banner-1-phfezppksek0l1vmvika8j3vu96j7kr8t2mxj7skf6.jpg\",\"contentUrl\":\"http:\/\/pianobook.io\/wp-content\/uploads\/elementor\/thumbs\/musicnotes-banner-1-phfezppksek0l1vmvika8j3vu96j7kr8t2mxj7skf6.jpg\"},{\"@type\":\"BreadcrumbList\",\"@id\":\"https:\/\/www.pianobook.io\/fr\/contacter\/#breadcrumb\",\"itemListElement\":[{\"@type\":\"ListItem\",\"position\":1,\"name\":\"Home\",\"item\":\"https:\/\/www.pianobook.io\/fr\/\"},{\"@type\":\"ListItem\",\"position\":2,\"name\":\"Contact\"}]},{\"@type\":\"WebSite\",\"@id\":\"\/#website\",\"url\":\"\/\",\"name\":\"pianobook\",\"description\":\"\",\"publisher\":{\"@id\":\"\/#organization\"},\"potentialAction\":[{\"@type\":\"SearchAction\",\"target\":{\"@type\":\"EntryPoint\",\"urlTemplate\":\"\/?s={search_term_string}\"},\"query-input\":{\"@type\":\"PropertyValueSpecification\",\"valueRequired\":true,\"valueName\":\"search_term_string\"}}],\"inLanguage\":\"fr-FR\"},{\"@type\":\"Organization\",\"@id\":\"\/#organization\",\"name\":\"pianobook\",\"url\":\"\/\",\"logo\":{\"@type\":\"ImageObject\",\"inLanguage\":\"fr-FR\",\"@id\":\"\/#\/schema\/logo\/image\/\",\"url\":\"http:\/\/pianobook.io\/wp-content\/uploads\/2024\/08\/pianobook-logo-black-e1722675166839.jpg\",\"contentUrl\":\"http:\/\/pianobook.io\/wp-content\/uploads\/2024\/08\/pianobook-logo-black-e1722675166839.jpg\",\"width\":250,\"height\":250,\"caption\":\"pianobook\"},\"image\":{\"@id\":\"\/#\/schema\/logo\/image\/\"}}]}<\/script>\n<!-- \/ Yoast SEO plugin. -->","yoast_head_json":{"title":"Contact - pianobook","robots":{"index":"index","follow":"follow","max-snippet":"max-snippet:-1","max-image-preview":"max-image-preview:large","max-video-preview":"max-video-preview:-1"},"canonical":"https:\/\/www.pianobook.io\/fr\/contacter\/","og_locale":"fr_FR","og_type":"article","og_title":"Contact - pianobook","og_description":"Bienvenue sur notre page de contact ! Nous appr\u00e9cions tes commentaires, tes demandes et tes suggestions, et nous sommes l\u00e0 pour t&rsquo;aider de tou","og_url":"https:\/\/www.pianobook.io\/fr\/contacter\/","og_site_name":"pianobook","article_modified_time":"2023-10-02T21:56:25+00:00","og_image":[{"url":"http:\/\/pianobook.io\/wp-content\/uploads\/elementor\/thumbs\/musicnotes-banner-1-phfezppksek0l1vmvika8j3vu96j7kr8t2mxj7skf6.jpg","type":"","width":"","height":""}],"twitter_card":"summary_large_image","schema":{"@context":"https:\/\/schema.org","@graph":[{"@type":"WebPage","@id":"https:\/\/www.pianobook.io\/fr\/contacter\/","url":"https:\/\/www.pianobook.io\/fr\/contacter\/","name":"Contact - pianobook","isPartOf":{"@id":"\/#website"},"primaryImageOfPage":{"@id":"https:\/\/www.pianobook.io\/fr\/contacter\/#primaryimage"},"image":{"@id":"https:\/\/www.pianobook.io\/fr\/contacter\/#primaryimage"},"thumbnailUrl":"http:\/\/pianobook.io\/wp-content\/uploads\/elementor\/thumbs\/musicnotes-banner-1-phfezppksek0l1vmvika8j3vu96j7kr8t2mxj7skf6.jpg","datePublished":"2022-11-01T12:28:05+00:00","dateModified":"2023-10-02T21:56:25+00:00","breadcrumb":{"@id":"https:\/\/www.pianobook.io\/fr\/contacter\/#breadcrumb"},"inLanguage":"fr-FR","potentialAction":[{"@type":"ReadAction","target":["https:\/\/www.pianobook.io\/fr\/contacter\/"]}]},{"@type":"ImageObject","inLanguage":"fr-FR","@id":"https:\/\/www.pianobook.io\/fr\/contacter\/#primaryimage","url":"http:\/\/pianobook.io\/wp-content\/uploads\/elementor\/thumbs\/musicnotes-banner-1-phfezppksek0l1vmvika8j3vu96j7kr8t2mxj7skf6.jpg","contentUrl":"http:\/\/pianobook.io\/wp-content\/uploads\/elementor\/thumbs\/musicnotes-banner-1-phfezppksek0l1vmvika8j3vu96j7kr8t2mxj7skf6.jpg"},{"@type":"BreadcrumbList","@id":"https:\/\/www.pianobook.io\/fr\/contacter\/#breadcrumb","itemListElement":[{"@type":"ListItem","position":1,"name":"Home","item":"https:\/\/www.pianobook.io\/fr\/"},{"@type":"ListItem","position":2,"name":"Contact"}]},{"@type":"WebSite","@id":"\/#website","url":"\/","name":"pianobook","description":"","publisher":{"@id":"\/#organization"},"potentialAction":[{"@type":"SearchAction","target":{"@type":"EntryPoint","urlTemplate":"\/?s={search_term_string}"},"query-input":{"@type":"PropertyValueSpecification","valueRequired":true,"valueName":"search_term_string"}}],"inLanguage":"fr-FR"},{"@type":"Organization","@id":"\/#organization","name":"pianobook","url":"\/","logo":{"@type":"ImageObject","inLanguage":"fr-FR","@id":"\/#\/schema\/logo\/image\/","url":"http:\/\/pianobook.io\/wp-content\/uploads\/2024\/08\/pianobook-logo-black-e1722675166839.jpg","contentUrl":"http:\/\/pianobook.io\/wp-content\/uploads\/2024\/08\/pianobook-logo-black-e1722675166839.jpg","width":250,"height":250,"caption":"pianobook"},"image":{"@id":"\/#\/schema\/logo\/image\/"}}]}},"_links":{"self":[{"href":"https:\/\/www.pianobook.io\/fr\/wp-json\/wp\/v2\/pages\/15143","targetHints":{"allow":["GET"]}}],"collection":[{"href":"https:\/\/www.pianobook.io\/fr\/wp-json\/wp\/v2\/pages"}],"about":[{"href":"https:\/\/www.pianobook.io\/fr\/wp-json\/wp\/v2\/types\/page"}],"author":[{"embeddable":true,"href":"https:\/\/www.pianobook.io\/fr\/wp-json\/wp\/v2\/users\/1"}],"replies":[{"embeddable":true,"href":"https:\/\/www.pianobook.io\/fr\/wp-json\/wp\/v2\/comments?post=15143"}],"version-history":[{"count":0,"href":"https:\/\/www.pianobook.io\/fr\/wp-json\/wp\/v2\/pages\/15143\/revisions"}],"wp:attachment":[{"href":"https:\/\/www.pianobook.io\/fr\/wp-json\/wp\/v2\/media?parent=15143"}],"wp:term":[{"taxonomy":"wf_page_folders","embeddable":true,"href":"https:\/\/www.pianobook.io\/fr\/wp-json\/wp\/v2\/wf_page_folders?post=15143"}],"curies":[{"name":"wp","href":"https:\/\/api.w.org\/{rel}","templated":true}]}}