{"id":15135,"date":"2020-02-15T01:22:41","date_gmt":"2020-02-15T00:22:41","guid":{"rendered":"https:\/about\/"},"modified":"2023-09-02T19:15:22","modified_gmt":"2023-09-02T17:15:22","slug":"a-propos","status":"publish","type":"page","link":"https:\/\/www.pianobook.io\/fr\/a-propos\/","title":{"rendered":"\u00c0 propos de"},"content":{"rendered":"\t\t<div data-elementor-type=\"wp-page\" data-elementor-id=\"15135\" class=\"elementor elementor-15135 elementor-125\" data-elementor-post-type=\"page\">\n\t\t\t\t\t\t<section class=\"elementor-section elementor-top-section elementor-element elementor-element-2f9cd3e9 elementor-section-boxed elementor-section-height-default elementor-section-height-default\" data-id=\"2f9cd3e9\" data-element_type=\"section\">\n\t\t\t\t\t\t<div class=\"elementor-container elementor-column-gap-default\">\n\t\t\t\t\t<div class=\"elementor-column elementor-col-100 elementor-top-column elementor-element elementor-element-d79ee7d\" data-id=\"d79ee7d\" data-element_type=\"column\">\n\t\t\t<div class=\"elementor-widget-wrap elementor-element-populated\">\n\t\t\t\t\t\t<div class=\"elementor-element elementor-element-563073af elementor-widget elementor-widget-spacer\" data-id=\"563073af\" data-element_type=\"widget\" data-widget_type=\"spacer.default\">\n\t\t\t\t<div class=\"elementor-widget-container\">\n\t\t\t\t\t\t\t<div class=\"elementor-spacer\">\n\t\t\t<div class=\"elementor-spacer-inner\"><\/div>\n\t\t<\/div>\n\t\t\t\t\t\t<\/div>\n\t\t\t\t<\/div>\n\t\t\t\t<div class=\"elementor-element elementor-element-5140fe3e elementor-widget elementor-widget-heading\" data-id=\"5140fe3e\" data-element_type=\"widget\" data-widget_type=\"heading.default\">\n\t\t\t\t<div class=\"elementor-widget-container\">\n\t\t\t\t\t<h1 class=\"elementor-heading-title elementor-size-default\">\u00c0 propos de pianobook<\/h1>\t\t\t\t<\/div>\n\t\t\t\t<\/div>\n\t\t\t\t\t<\/div>\n\t\t<\/div>\n\t\t\t\t\t<\/div>\n\t\t<\/section>\n\t\t\t\t<section class=\"elementor-section elementor-top-section elementor-element elementor-element-74cdbdb elementor-section-boxed elementor-section-height-default elementor-section-height-default\" data-id=\"74cdbdb\" data-element_type=\"section\">\n\t\t\t\t\t\t<div class=\"elementor-container elementor-column-gap-default\">\n\t\t\t\t\t<div class=\"elementor-column elementor-col-100 elementor-top-column elementor-element elementor-element-2dd1235\" data-id=\"2dd1235\" data-element_type=\"column\">\n\t\t\t<div class=\"elementor-widget-wrap elementor-element-populated\">\n\t\t\t\t\t\t<div class=\"elementor-element elementor-element-60d88ce0 elementor-widget elementor-widget-text-editor\" data-id=\"60d88ce0\" data-element_type=\"widget\" data-widget_type=\"text-editor.default\">\n\t\t\t\t<div class=\"elementor-widget-container\">\n\t\t\t\t\t\t\t\t\t<p>pianobook est une plateforme pour tous ceux qui travaillent avec le piano ou qui l&rsquo;aiment tout simplement.<\/p>\n<p>Sur notre site, les utilisateurs ont donc la possibilit\u00e9 de trouver des professeurs de piano, des lieux de divertissement tels que des pianos-bars et des salles de concert, des \u00e9tablissements d&rsquo;enseignement tels que des \u00e9coles de piano ou des universit\u00e9s, des pianos publics et des pianos \u00e0 queue, des magasins de piano, ainsi que des services de r\u00e9paration et de d\u00e9m\u00e9nagement qui ont consacr\u00e9 leurs services enti\u00e8rement ou partiellement au piano.Les pianistes amateurs peuvent utiliser notre site Web pour naviguer gratuitement dans le monde du piano.<\/p>\n<p>Toutes nos annonces fournissent un aper\u00e7u des d\u00e9tails les plus importants de l&rsquo;annonce, tels que l&rsquo;adresse et les informations de contact, ainsi qu&rsquo;une fonction int\u00e9gr\u00e9e pour trouver l&rsquo;itin\u00e9raire le plus pratique vers la destination souhait\u00e9e.<\/p>\n<p>Amuse-toi bien sur notre site Web !<\/p>\n\t\t\t\t\t\t\t\t<\/div>\n\t\t\t\t<\/div>\n\t\t\t\t\t<\/div>\n\t\t<\/div>\n\t\t\t\t\t<\/div>\n\t\t<\/section>\n\t\t\t\t<section class=\"elementor-section elementor-top-section elementor-element elementor-element-3098fb1 elementor-section-boxed elementor-section-height-default elementor-section-height-default\" data-id=\"3098fb1\" data-element_type=\"section\">\n\t\t\t\t\t\t<div class=\"elementor-container elementor-column-gap-default\">\n\t\t\t\t\t<div class=\"elementor-column elementor-col-100 elementor-top-column elementor-element elementor-element-62482ef\" data-id=\"62482ef\" data-element_type=\"column\">\n\t\t\t<div class=\"elementor-widget-wrap elementor-element-populated\">\n\t\t\t\t\t\t<div class=\"elementor-element elementor-element-b0a519c elementor-widget elementor-widget-video\" data-id=\"b0a519c\" data-element_type=\"widget\" data-settings=\"{&quot;video_type&quot;:&quot;hosted&quot;,&quot;controls&quot;:&quot;yes&quot;}\" data-widget_type=\"video.default\">\n\t\t\t\t<div class=\"elementor-widget-container\">\n\t\t\t\t\t\t\t<div class=\"e-hosted-video elementor-wrapper elementor-open-inline\">\n\t\t\t\t\t<video class=\"elementor-video\" src=\"http:\/\/pianobook.io\/wp-content\/uploads\/2020\/03\/Pianobook-About-Us-Video.mp4\" controls=\"\" preload=\"metadata\" controlsList=\"nodownload\"><\/video>\n\t\t\t\t<\/div>\n\t\t\t\t\t\t<\/div>\n\t\t\t\t<\/div>\n\t\t\t\t\t<\/div>\n\t\t<\/div>\n\t\t\t\t\t<\/div>\n\t\t<\/section>\n\t\t\t\t<section class=\"elementor-section elementor-top-section elementor-element elementor-element-58c87c7 elementor-section-boxed elementor-section-height-default elementor-section-height-default\" data-id=\"58c87c7\" data-element_type=\"section\">\n\t\t\t\t\t\t<div class=\"elementor-container elementor-column-gap-default\">\n\t\t\t\t\t<div class=\"elementor-column elementor-col-100 elementor-top-column elementor-element elementor-element-79a394b9\" data-id=\"79a394b9\" data-element_type=\"column\">\n\t\t\t<div class=\"elementor-widget-wrap elementor-element-populated\">\n\t\t\t\t\t\t<div class=\"elementor-element elementor-element-483a93cb elementor-widget elementor-widget-image\" data-id=\"483a93cb\" data-element_type=\"widget\" data-widget_type=\"image.default\">\n\t\t\t\t<div class=\"elementor-widget-container\">\n\t\t\t\t\t\t\t\t\t\t\t\t\t\t\t\t<a href=\"https:\/\/click.linksynergy.com\/deeplink?id=IfU1rxd4MvU&#038;mid=13770&#038;murl=https%3A%2F%2Fwww.musicnotes.com%2Fpiano%2F\">\n\t\t\t\t\t\t\t<img decoding=\"async\" src=\"https:\/\/www.pianobook.io\/wp-content\/uploads\/elementor\/thumbs\/musicnotes-banner-1-phfezppksek0l1vmvika8j3vu96j7kr8t2mxj7skf6.jpg\" title=\"musicnotes-banner\" alt=\"musicnotes-banner\" class=\"elementor-animation-grow\" loading=\"lazy\" \/>\t\t\t\t\t\t\t\t<\/a>\n\t\t\t\t\t\t\t\t\t\t\t\t\t\t\t<\/div>\n\t\t\t\t<\/div>\n\t\t\t\t\t<\/div>\n\t\t<\/div>\n\t\t\t\t\t<\/div>\n\t\t<\/section>\n\t\t\t\t<\/div>\n\t\t\n\n<div class=\"kk-star-ratings kksr-auto kksr-align-center kksr-valign-bottom\"\n    data-payload='{&quot;align&quot;:&quot;center&quot;,&quot;id&quot;:&quot;15135&quot;,&quot;slug&quot;:&quot;default&quot;,&quot;valign&quot;:&quot;bottom&quot;,&quot;ignore&quot;:&quot;&quot;,&quot;reference&quot;:&quot;auto&quot;,&quot;class&quot;:&quot;&quot;,&quot;count&quot;:&quot;4&quot;,&quot;legendonly&quot;:&quot;&quot;,&quot;readonly&quot;:&quot;&quot;,&quot;score&quot;:&quot;5&quot;,&quot;starsonly&quot;:&quot;&quot;,&quot;best&quot;:&quot;5&quot;,&quot;gap&quot;:&quot;5&quot;,&quot;greet&quot;:&quot;Rate this page&quot;,&quot;legend&quot;:&quot;5\\\/5 - (4 votes)&quot;,&quot;size&quot;:&quot;24&quot;,&quot;title&quot;:&quot;\u00c0 propos de&quot;,&quot;width&quot;:&quot;142.5&quot;,&quot;_legend&quot;:&quot;{score}\\\/{best} - ({count} {votes})&quot;,&quot;font_factor&quot;:&quot;1.25&quot;}'>\n            \n<div class=\"kksr-stars\">\n    \n<div class=\"kksr-stars-inactive\">\n            <div class=\"kksr-star\" data-star=\"1\" style=\"padding-right: 5px\">\n            \n\n<div class=\"kksr-icon\" style=\"width: 24px; height: 24px;\"><\/div>\n        <\/div>\n            <div class=\"kksr-star\" data-star=\"2\" style=\"padding-right: 5px\">\n            \n\n<div class=\"kksr-icon\" style=\"width: 24px; height: 24px;\"><\/div>\n        <\/div>\n            <div class=\"kksr-star\" data-star=\"3\" style=\"padding-right: 5px\">\n            \n\n<div class=\"kksr-icon\" style=\"width: 24px; height: 24px;\"><\/div>\n        <\/div>\n            <div class=\"kksr-star\" data-star=\"4\" style=\"padding-right: 5px\">\n            \n\n<div class=\"kksr-icon\" style=\"width: 24px; height: 24px;\"><\/div>\n        <\/div>\n            <div class=\"kksr-star\" data-star=\"5\" style=\"padding-right: 5px\">\n            \n\n<div class=\"kksr-icon\" style=\"width: 24px; height: 24px;\"><\/div>\n        <\/div>\n    <\/div>\n    \n<div class=\"kksr-stars-active\" style=\"width: 142.5px;\">\n            <div class=\"kksr-star\" style=\"padding-right: 5px\">\n            \n\n<div class=\"kksr-icon\" style=\"width: 24px; height: 24px;\"><\/div>\n        <\/div>\n            <div class=\"kksr-star\" style=\"padding-right: 5px\">\n            \n\n<div class=\"kksr-icon\" style=\"width: 24px; height: 24px;\"><\/div>\n        <\/div>\n            <div class=\"kksr-star\" style=\"padding-right: 5px\">\n            \n\n<div class=\"kksr-icon\" style=\"width: 24px; height: 24px;\"><\/div>\n        <\/div>\n            <div class=\"kksr-star\" style=\"padding-right: 5px\">\n            \n\n<div class=\"kksr-icon\" style=\"width: 24px; height: 24px;\"><\/div>\n        <\/div>\n            <div class=\"kksr-star\" style=\"padding-right: 5px\">\n            \n\n<div class=\"kksr-icon\" style=\"width: 24px; height: 24px;\"><\/div>\n        <\/div>\n    <\/div>\n<\/div>\n                \n\n<div class=\"kksr-legend\" style=\"font-size: 19.2px;\">\n            5\/5 - (4 votes)    <\/div>\n    <\/div>\n","protected":false},"excerpt":{"rendered":"<p>\u00c0 propos de pianobook pianobook est une plateforme pour tous ceux qui travaillent avec le piano ou qui l&rsquo;aiment tout simplement. Sur notre site, les utilisateurs ont donc la possibilit\u00e9 de trouver des professeurs de piano, des lieux de divertissement tels que des pianos-bars et des salles de concert, des \u00e9tablissements d&rsquo;enseignement tels que des [&hellip;]<\/p>\n","protected":false},"author":1,"featured_media":0,"parent":0,"menu_order":0,"comment_status":"closed","ping_status":"closed","template":"","meta":{"footnotes":""},"wf_page_folders":[205],"class_list":["post-15135","page","type-page","status-publish","hentry"],"yoast_head":"<!-- This site is optimized with the Yoast SEO plugin v26.7 - https:\/\/yoast.com\/wordpress\/plugins\/seo\/ -->\n<title>\u00c0 propos de - pianobook<\/title>\n<meta name=\"robots\" content=\"index, follow, max-snippet:-1, max-image-preview:large, max-video-preview:-1\" \/>\n<link rel=\"canonical\" href=\"https:\/\/www.pianobook.io\/fr\/a-propos\/\" \/>\n<meta property=\"og:locale\" content=\"fr_FR\" \/>\n<meta property=\"og:type\" content=\"article\" \/>\n<meta property=\"og:title\" content=\"\u00c0 propos de - pianobook\" \/>\n<meta property=\"og:description\" content=\"\u00c0 propos de pianobook pianobook est une plateforme pour tous ceux qui travaillent avec le piano ou qui l&rsquo;aiment tout simplement. Sur notre site\" \/>\n<meta property=\"og:url\" content=\"https:\/\/www.pianobook.io\/fr\/a-propos\/\" \/>\n<meta property=\"og:site_name\" content=\"pianobook\" \/>\n<meta property=\"article:modified_time\" content=\"2023-09-02T17:15:22+00:00\" \/>\n<meta property=\"og:image\" content=\"http:\/\/pianobook.io\/wp-content\/uploads\/elementor\/thumbs\/musicnotes-banner-1-phfezppksek0l1vmvika8j3vu96j7kr8t2mxj7skf6.jpg\" \/>\n<meta name=\"twitter:card\" content=\"summary_large_image\" \/>\n<meta name=\"twitter:label1\" content=\"Dur\u00e9e de lecture estim\u00e9e\" \/>\n\t<meta name=\"twitter:data1\" content=\"1 minute\" \/>\n<script type=\"application\/ld+json\" class=\"yoast-schema-graph\">{\"@context\":\"https:\/\/schema.org\",\"@graph\":[{\"@type\":\"WebPage\",\"@id\":\"https:\/\/www.pianobook.io\/fr\/a-propos\/\",\"url\":\"https:\/\/www.pianobook.io\/fr\/a-propos\/\",\"name\":\"\u00c0 propos de - pianobook\",\"isPartOf\":{\"@id\":\"\/#website\"},\"primaryImageOfPage\":{\"@id\":\"https:\/\/www.pianobook.io\/fr\/a-propos\/#primaryimage\"},\"image\":{\"@id\":\"https:\/\/www.pianobook.io\/fr\/a-propos\/#primaryimage\"},\"thumbnailUrl\":\"http:\/\/pianobook.io\/wp-content\/uploads\/elementor\/thumbs\/musicnotes-banner-1-phfezppksek0l1vmvika8j3vu96j7kr8t2mxj7skf6.jpg\",\"datePublished\":\"2020-02-15T00:22:41+00:00\",\"dateModified\":\"2023-09-02T17:15:22+00:00\",\"breadcrumb\":{\"@id\":\"https:\/\/www.pianobook.io\/fr\/a-propos\/#breadcrumb\"},\"inLanguage\":\"fr-FR\",\"potentialAction\":[{\"@type\":\"ReadAction\",\"target\":[\"https:\/\/www.pianobook.io\/fr\/a-propos\/\"]}]},{\"@type\":\"ImageObject\",\"inLanguage\":\"fr-FR\",\"@id\":\"https:\/\/www.pianobook.io\/fr\/a-propos\/#primaryimage\",\"url\":\"http:\/\/pianobook.io\/wp-content\/uploads\/elementor\/thumbs\/musicnotes-banner-1-phfezppksek0l1vmvika8j3vu96j7kr8t2mxj7skf6.jpg\",\"contentUrl\":\"http:\/\/pianobook.io\/wp-content\/uploads\/elementor\/thumbs\/musicnotes-banner-1-phfezppksek0l1vmvika8j3vu96j7kr8t2mxj7skf6.jpg\"},{\"@type\":\"BreadcrumbList\",\"@id\":\"https:\/\/www.pianobook.io\/fr\/a-propos\/#breadcrumb\",\"itemListElement\":[{\"@type\":\"ListItem\",\"position\":1,\"name\":\"Home\",\"item\":\"https:\/\/www.pianobook.io\/fr\/\"},{\"@type\":\"ListItem\",\"position\":2,\"name\":\"\u00c0 propos de\"}]},{\"@type\":\"WebSite\",\"@id\":\"\/#website\",\"url\":\"\/\",\"name\":\"pianobook\",\"description\":\"\",\"publisher\":{\"@id\":\"\/#organization\"},\"potentialAction\":[{\"@type\":\"SearchAction\",\"target\":{\"@type\":\"EntryPoint\",\"urlTemplate\":\"\/?s={search_term_string}\"},\"query-input\":{\"@type\":\"PropertyValueSpecification\",\"valueRequired\":true,\"valueName\":\"search_term_string\"}}],\"inLanguage\":\"fr-FR\"},{\"@type\":\"Organization\",\"@id\":\"\/#organization\",\"name\":\"pianobook\",\"url\":\"\/\",\"logo\":{\"@type\":\"ImageObject\",\"inLanguage\":\"fr-FR\",\"@id\":\"\/#\/schema\/logo\/image\/\",\"url\":\"http:\/\/pianobook.io\/wp-content\/uploads\/2024\/08\/pianobook-logo-black-e1722675166839.jpg\",\"contentUrl\":\"http:\/\/pianobook.io\/wp-content\/uploads\/2024\/08\/pianobook-logo-black-e1722675166839.jpg\",\"width\":250,\"height\":250,\"caption\":\"pianobook\"},\"image\":{\"@id\":\"\/#\/schema\/logo\/image\/\"}}]}<\/script>\n<!-- \/ Yoast SEO plugin. -->","yoast_head_json":{"title":"\u00c0 propos de - pianobook","robots":{"index":"index","follow":"follow","max-snippet":"max-snippet:-1","max-image-preview":"max-image-preview:large","max-video-preview":"max-video-preview:-1"},"canonical":"https:\/\/www.pianobook.io\/fr\/a-propos\/","og_locale":"fr_FR","og_type":"article","og_title":"\u00c0 propos de - pianobook","og_description":"\u00c0 propos de pianobook pianobook est une plateforme pour tous ceux qui travaillent avec le piano ou qui l&rsquo;aiment tout simplement. Sur notre site","og_url":"https:\/\/www.pianobook.io\/fr\/a-propos\/","og_site_name":"pianobook","article_modified_time":"2023-09-02T17:15:22+00:00","og_image":[{"url":"http:\/\/pianobook.io\/wp-content\/uploads\/elementor\/thumbs\/musicnotes-banner-1-phfezppksek0l1vmvika8j3vu96j7kr8t2mxj7skf6.jpg","type":"","width":"","height":""}],"twitter_card":"summary_large_image","twitter_misc":{"Dur\u00e9e de lecture estim\u00e9e":"1 minute"},"schema":{"@context":"https:\/\/schema.org","@graph":[{"@type":"WebPage","@id":"https:\/\/www.pianobook.io\/fr\/a-propos\/","url":"https:\/\/www.pianobook.io\/fr\/a-propos\/","name":"\u00c0 propos de - pianobook","isPartOf":{"@id":"\/#website"},"primaryImageOfPage":{"@id":"https:\/\/www.pianobook.io\/fr\/a-propos\/#primaryimage"},"image":{"@id":"https:\/\/www.pianobook.io\/fr\/a-propos\/#primaryimage"},"thumbnailUrl":"http:\/\/pianobook.io\/wp-content\/uploads\/elementor\/thumbs\/musicnotes-banner-1-phfezppksek0l1vmvika8j3vu96j7kr8t2mxj7skf6.jpg","datePublished":"2020-02-15T00:22:41+00:00","dateModified":"2023-09-02T17:15:22+00:00","breadcrumb":{"@id":"https:\/\/www.pianobook.io\/fr\/a-propos\/#breadcrumb"},"inLanguage":"fr-FR","potentialAction":[{"@type":"ReadAction","target":["https:\/\/www.pianobook.io\/fr\/a-propos\/"]}]},{"@type":"ImageObject","inLanguage":"fr-FR","@id":"https:\/\/www.pianobook.io\/fr\/a-propos\/#primaryimage","url":"http:\/\/pianobook.io\/wp-content\/uploads\/elementor\/thumbs\/musicnotes-banner-1-phfezppksek0l1vmvika8j3vu96j7kr8t2mxj7skf6.jpg","contentUrl":"http:\/\/pianobook.io\/wp-content\/uploads\/elementor\/thumbs\/musicnotes-banner-1-phfezppksek0l1vmvika8j3vu96j7kr8t2mxj7skf6.jpg"},{"@type":"BreadcrumbList","@id":"https:\/\/www.pianobook.io\/fr\/a-propos\/#breadcrumb","itemListElement":[{"@type":"ListItem","position":1,"name":"Home","item":"https:\/\/www.pianobook.io\/fr\/"},{"@type":"ListItem","position":2,"name":"\u00c0 propos de"}]},{"@type":"WebSite","@id":"\/#website","url":"\/","name":"pianobook","description":"","publisher":{"@id":"\/#organization"},"potentialAction":[{"@type":"SearchAction","target":{"@type":"EntryPoint","urlTemplate":"\/?s={search_term_string}"},"query-input":{"@type":"PropertyValueSpecification","valueRequired":true,"valueName":"search_term_string"}}],"inLanguage":"fr-FR"},{"@type":"Organization","@id":"\/#organization","name":"pianobook","url":"\/","logo":{"@type":"ImageObject","inLanguage":"fr-FR","@id":"\/#\/schema\/logo\/image\/","url":"http:\/\/pianobook.io\/wp-content\/uploads\/2024\/08\/pianobook-logo-black-e1722675166839.jpg","contentUrl":"http:\/\/pianobook.io\/wp-content\/uploads\/2024\/08\/pianobook-logo-black-e1722675166839.jpg","width":250,"height":250,"caption":"pianobook"},"image":{"@id":"\/#\/schema\/logo\/image\/"}}]}},"_links":{"self":[{"href":"https:\/\/www.pianobook.io\/fr\/wp-json\/wp\/v2\/pages\/15135","targetHints":{"allow":["GET"]}}],"collection":[{"href":"https:\/\/www.pianobook.io\/fr\/wp-json\/wp\/v2\/pages"}],"about":[{"href":"https:\/\/www.pianobook.io\/fr\/wp-json\/wp\/v2\/types\/page"}],"author":[{"embeddable":true,"href":"https:\/\/www.pianobook.io\/fr\/wp-json\/wp\/v2\/users\/1"}],"replies":[{"embeddable":true,"href":"https:\/\/www.pianobook.io\/fr\/wp-json\/wp\/v2\/comments?post=15135"}],"version-history":[{"count":0,"href":"https:\/\/www.pianobook.io\/fr\/wp-json\/wp\/v2\/pages\/15135\/revisions"}],"wp:attachment":[{"href":"https:\/\/www.pianobook.io\/fr\/wp-json\/wp\/v2\/media?parent=15135"}],"wp:term":[{"taxonomy":"wf_page_folders","embeddable":true,"href":"https:\/\/www.pianobook.io\/fr\/wp-json\/wp\/v2\/wf_page_folders?post=15135"}],"curies":[{"name":"wp","href":"https:\/\/api.w.org\/{rel}","templated":true}]}}